{"id":23414,"date":"2021-04-22T13:48:04","date_gmt":"2021-04-22T11:48:04","guid":{"rendered":"https:\/\/pinosos.es\/tienda\/non%20class\u00e9\/chaussures-a-lacets-5163\/"},"modified":"2025-06-25T07:25:08","modified_gmt":"2025-06-25T05:25:08","slug":"chaussures-a-lacets-5163","status":"publish","type":"product","link":"https:\/\/pinosos.es\/fr\/boutique\/chaussures-a-lacets-5163\/","title":{"rendered":"Chaussures \u00e0 lacets 5163"},"content":{"rendered":"<p>&#8211; Chaussure \u00e0 lacets pour femmes, de type kiowa, fabriqu\u00e9e \u00e0 la main, tr\u00e8s confortable, en cuir naturel de la plus haute qualit\u00e9. D&rsquo;une grande souplesse et l\u00e9g\u00e8ret\u00e9 pour une plus grande adaptabilit\u00e9 au pied.<\/p>\n<p>&#8211; Doublure en microfibre enti\u00e8rement ventil\u00e9e, qui permet \u00e0 l&rsquo;air de circuler car elle est 100 % respirante.<\/p>\n<p>&#8211; Semelle int\u00e9rieure amovible doubl\u00e9e de microfibre, qui garde les pieds au sec en \u00e9liminant l&rsquo;humidit\u00e9 gr\u00e2ce \u00e0 un syst\u00e8me d&rsquo;absorption sup\u00e9rieur \u00e0 la peau.<\/p>\n<p>&#8211; Semelle Microtech \u00e0 haute durabilit\u00e9 et grande r\u00e9sistance \u00e0 l&rsquo;usure. Hauteur du talon 4 cm.<\/p>\n<p>&#8211; Forme large pour que le pied ne se sente pas \u00e0 l&rsquo;\u00e9troit, ce qui permet d&rsquo;\u00e9viter les probl\u00e8mes de pieds les plus courants.<\/p>\n<p>&nbsp;<\/p>\n<p><strong>MESURES DE LARGEUR ET DE LONGUEUR PAR POINTURE<\/strong><\/p>\n<table>\n<thead>\n<tr>\n<th align=\"center\">Pointure<\/th>\n<th align=\"center\">Largeur (mm)<\/th>\n<th align=\"center\">Longueur (mm)<\/th>\n<\/tr>\n<\/thead>\n<tbody>\n<tr>\n<td align=\"center\">35<\/td>\n<td align=\"center\">227,4<\/td>\n<td align=\"center\">225,8<\/td>\n<\/tr>\n<tr>\n<td align=\"center\">36<\/td>\n<td align=\"center\">230,7<\/td>\n<td align=\"center\">232,4<\/td>\n<\/tr>\n<tr>\n<td align=\"center\">37<\/td>\n<td align=\"center\">234,0<\/td>\n<td align=\"center\">239,0<\/td>\n<\/tr>\n<tr>\n<td align=\"center\">38<\/td>\n<td align=\"center\">237,3<\/td>\n<td align=\"center\">245,6<\/td>\n<\/tr>\n<tr>\n<td align=\"center\">39<\/td>\n<td align=\"center\">240,6<\/td>\n<td align=\"center\">252,2<\/td>\n<\/tr>\n<tr>\n<td align=\"center\">40<\/td>\n<td align=\"center\">243,9<\/td>\n<td align=\"center\">258,8<\/td>\n<\/tr>\n<tr>\n<td align=\"center\">41<\/td>\n<td align=\"center\">247,2<\/td>\n<td align=\"center\">265,4<\/td>\n<\/tr>\n<tr>\n<td align=\"center\">42<\/td>\n<td align=\"center\">250,5<\/td>\n<td align=\"center\">272,0<\/td>\n<\/tr>\n<\/tbody>\n<\/table>\n","protected":false},"excerpt":{"rendered":"<p>&#8211; Chaussure \u00e0 lacets pour femmes, de type kiowa, fabriqu\u00e9e \u00e0 la main, tr\u00e8s confortable, en cuir naturel de la plus haute qualit\u00e9. D&rsquo;une grande souplesse et l\u00e9g\u00e8ret\u00e9 pour une plus grande adaptabilit\u00e9 au pied. &#8211; Doublure en microfibre enti\u00e8rement ventil\u00e9e, qui permet \u00e0 l&rsquo;air&#8230;<\/p>\n","protected":false},"featured_media":23415,"comment_status":"open","ping_status":"closed","template":"","meta":{"wds_primary_product_brand":0,"wds_primary_product_cat":313},"product_brand":[571],"product_cat":[313,522,523],"product_tag":[494,500,491,496,489,493,490,492],"class_list":{"0":"post-23414","1":"product","2":"type-product","3":"status-publish","4":"has-post-thumbnail","6":"product_brand-pinosos","7":"product_cat-chaussures-confortables-femmes","8":"product_cat-outlet-femme","9":"product_cat-soldes","10":"product_tag-chaussures-a-lacets","11":"product_tag-cousu-main","12":"product_tag-lacets","13":"product_tag-large","14":"product_tag-leger","15":"product_tag-respirante","16":"product_tag-semelle-interieure-amovible","17":"product_tag-souple","18":"pa_cierre-lacet","19":"pa_color-beige","20":"pa_color-blanche","21":"pa_color-noir","22":"pa_talla-mujer-35-fr","23":"pa_talla-mujer-36-fr","24":"pa_talla-mujer-37-fr","25":"pa_talla-mujer-38-fr","26":"pa_talla-mujer-39-fr","27":"pa_talla-mujer-40-fr","28":"pa_talla-mujer-41-fr","29":"pa_talla-mujer-42-fr","31":"first","32":"instock","33":"sale","34":"shipping-taxable","35":"purchasable","36":"product-type-variable","37":"wvs-archive-product-wrapper"},"_links":{"self":[{"href":"https:\/\/pinosos.es\/fr\/wp-json\/wp\/v2\/product\/23414","targetHints":{"allow":["GET"]}}],"collection":[{"href":"https:\/\/pinosos.es\/fr\/wp-json\/wp\/v2\/product"}],"about":[{"href":"https:\/\/pinosos.es\/fr\/wp-json\/wp\/v2\/types\/product"}],"replies":[{"embeddable":true,"href":"https:\/\/pinosos.es\/fr\/wp-json\/wp\/v2\/comments?post=23414"}],"wp:featuredmedia":[{"embeddable":true,"href":"https:\/\/pinosos.es\/fr\/wp-json\/wp\/v2\/media\/23415"}],"wp:attachment":[{"href":"https:\/\/pinosos.es\/fr\/wp-json\/wp\/v2\/media?parent=23414"}],"wp:term":[{"taxonomy":"product_brand","embeddable":true,"href":"https:\/\/pinosos.es\/fr\/wp-json\/wp\/v2\/product_brand?post=23414"},{"taxonomy":"product_cat","embeddable":true,"href":"https:\/\/pinosos.es\/fr\/wp-json\/wp\/v2\/product_cat?post=23414"},{"taxonomy":"product_tag","embeddable":true,"href":"https:\/\/pinosos.es\/fr\/wp-json\/wp\/v2\/product_tag?post=23414"}],"curies":[{"name":"wp","href":"https:\/\/api.w.org\/{rel}","templated":true}]}}