{"id":23445,"date":"2021-04-22T13:47:11","date_gmt":"2021-04-22T11:47:11","guid":{"rendered":"https:\/\/pinosos.es\/tienda\/non%20class\u00e9\/chaussures-a-lacets-5227-noe\/"},"modified":"2025-01-08T11:12:38","modified_gmt":"2025-01-08T10:12:38","slug":"chaussures-a-lacets-5227-noe","status":"publish","type":"product","link":"https:\/\/pinosos.es\/fr\/boutique\/chaussures-a-lacets-5227-noe\/","title":{"rendered":"Chaussures \u00e0 lacets 5227 Noe"},"content":{"rendered":"<p>&#8211; Chaussure \u00e0 lacets pour femme, de type kiowa, fabriqu\u00e9e \u00e0 la main, en peau d&rsquo;agneau. Tr\u00e8s souple et l\u00e9g\u00e8re, elle s&rsquo;adapte parfaitement au pied.<\/p>\n<p>&#8211; Doublure en microfibre antibact\u00e9rienne et absorbant la transpiration pour garder le pied au sec.<\/p>\n<p>&#8211; Semelle int\u00e9rieure amovible rembourr\u00e9e en microfibre avec traitement antibact\u00e9rien.<\/p>\n<p>&#8211; Semelle l\u00e9g\u00e8re et flexible.<\/p>\n<p>&#8211; Confortable, elle s&rsquo;adapte parfaitement au pied.<\/p>\n","protected":false},"excerpt":{"rendered":"<p>&#8211; Chaussure \u00e0 lacets pour femme, de type kiowa, fabriqu\u00e9e \u00e0 la main, en peau d&rsquo;agneau. Tr\u00e8s souple et l\u00e9g\u00e8re, elle s&rsquo;adapte parfaitement au pied. &#8211; Doublure en microfibre antibact\u00e9rienne et absorbant la transpiration pour garder le pied au sec. &#8211; Semelle int\u00e9rieure amovible rembourr\u00e9e&#8230;<\/p>\n","protected":false},"featured_media":23446,"comment_status":"open","ping_status":"closed","template":"","meta":{"wds_primary_product_brand":0,"wds_primary_product_cat":517},"product_brand":[],"product_cat":[517,313],"product_tag":[494,500,491,566,489,493,490,492],"class_list":{"0":"post-23445","1":"product","2":"type-product","3":"status-publish","4":"has-post-thumbnail","6":"product_cat-chaussures-confortables-femme","7":"product_cat-chaussures-confortables-femmes","8":"product_tag-chaussures-a-lacets","9":"product_tag-cousu-main","10":"product_tag-lacets","11":"product_tag-largeur-standard","12":"product_tag-leger","13":"product_tag-respirante","14":"product_tag-semelle-interieure-amovible","15":"product_tag-souple","16":"pa_cierre-lacet","17":"pa_color-beige","18":"pa_color-blanche","19":"pa_color-noir","20":"pa_talla-mujer-35-fr","21":"pa_talla-mujer-36-fr","22":"pa_talla-mujer-37-fr","23":"pa_talla-mujer-38-fr","24":"pa_talla-mujer-39-fr","25":"pa_talla-mujer-40-fr","26":"pa_talla-mujer-41-fr","27":"pa_talla-mujer-42-fr","29":"first","30":"instock","31":"shipping-taxable","32":"purchasable","33":"product-type-variable","34":"wvs-archive-product-wrapper"},"_links":{"self":[{"href":"https:\/\/pinosos.es\/fr\/wp-json\/wp\/v2\/product\/23445","targetHints":{"allow":["GET"]}}],"collection":[{"href":"https:\/\/pinosos.es\/fr\/wp-json\/wp\/v2\/product"}],"about":[{"href":"https:\/\/pinosos.es\/fr\/wp-json\/wp\/v2\/types\/product"}],"replies":[{"embeddable":true,"href":"https:\/\/pinosos.es\/fr\/wp-json\/wp\/v2\/comments?post=23445"}],"wp:featuredmedia":[{"embeddable":true,"href":"https:\/\/pinosos.es\/fr\/wp-json\/wp\/v2\/media\/23446"}],"wp:attachment":[{"href":"https:\/\/pinosos.es\/fr\/wp-json\/wp\/v2\/media?parent=23445"}],"wp:term":[{"taxonomy":"product_brand","embeddable":true,"href":"https:\/\/pinosos.es\/fr\/wp-json\/wp\/v2\/product_brand?post=23445"},{"taxonomy":"product_cat","embeddable":true,"href":"https:\/\/pinosos.es\/fr\/wp-json\/wp\/v2\/product_cat?post=23445"},{"taxonomy":"product_tag","embeddable":true,"href":"https:\/\/pinosos.es\/fr\/wp-json\/wp\/v2\/product_tag?post=23445"}],"curies":[{"name":"wp","href":"https:\/\/api.w.org\/{rel}","templated":true}]}}