{"id":23498,"date":"2021-04-22T13:47:08","date_gmt":"2021-04-22T11:47:08","guid":{"rendered":"https:\/\/pinosos.es\/tienda\/non%20class\u00e9\/mocassin-82002-cerf\/"},"modified":"2024-09-18T08:20:51","modified_gmt":"2024-09-18T06:20:51","slug":"mocassin-82002-cerf","status":"publish","type":"product","link":"https:\/\/pinosos.es\/fr\/boutique\/mocassin-82002-cerf\/","title":{"rendered":"Mocassin 82002 Cerf"},"content":{"rendered":"<p>&#8211; Chaussure pour homme de type kiowa, fabriqu\u00e9e \u00e0 la main avec du cuir de cerf. Tr\u00e8s souple et l\u00e9g\u00e8re, elle s&rsquo;adapte parfaitement au pied. Point de riz cousu \u00e0 la main.<\/p>\n<p>&#8211; Doublure en cuir de vachette doux au toucher.<\/p>\n<p>&#8211; Semelle int\u00e9rieure en cuir matelass\u00e9e pour une meilleure absorption des chocs au niveau du talon.<\/p>\n<p>&#8211; Semelle en cuir.<\/p>\n<p>&#8211; Forme fine qui apporte une grande \u00e9l\u00e9gance lors de l&rsquo;habillage.<\/p>\n","protected":false},"excerpt":{"rendered":"<p>&#8211; Chaussure pour homme de type kiowa, fabriqu\u00e9e \u00e0 la main avec du cuir de cerf. Tr\u00e8s souple et l\u00e9g\u00e8re, elle s&rsquo;adapte parfaitement au pied. Point de riz cousu \u00e0 la main. &#8211; Doublure en cuir de vachette doux au toucher. &#8211; Semelle int\u00e9rieure en&#8230;<\/p>\n","protected":false},"featured_media":23499,"comment_status":"open","ping_status":"closed","template":"","meta":{"wds_primary_product_brand":0,"wds_primary_product_cat":487},"product_brand":[],"product_cat":[487,526,523],"product_tag":[497,500,499,549,489,501,492],"class_list":{"0":"post-23498","1":"product","2":"type-product","3":"status-publish","4":"has-post-thumbnail","6":"product_cat-des-chaussure-pour-lui","7":"product_cat-outlet-homme","8":"product_cat-soldes","9":"product_tag-chaussure-habillee","10":"product_tag-cousu-main","11":"product_tag-elastique-fermeture","12":"product_tag-forme-fine","13":"product_tag-leger","14":"product_tag-mocassin","15":"product_tag-souple","16":"pa_cierre-bande","17":"pa_color-noir","18":"pa_talla-hombre-42-fr","19":"pa_talla-hombre-43-fr","20":"pa_talla-hombre-44-fr","21":"pa_talla-hombre-45-fr","22":"pa_talla-hombre-46-fr","24":"first","25":"instock","26":"sale","27":"shipping-taxable","28":"purchasable","29":"product-type-variable","30":"has-default-attributes","31":"wvs-archive-product-wrapper"},"_links":{"self":[{"href":"https:\/\/pinosos.es\/fr\/wp-json\/wp\/v2\/product\/23498","targetHints":{"allow":["GET"]}}],"collection":[{"href":"https:\/\/pinosos.es\/fr\/wp-json\/wp\/v2\/product"}],"about":[{"href":"https:\/\/pinosos.es\/fr\/wp-json\/wp\/v2\/types\/product"}],"replies":[{"embeddable":true,"href":"https:\/\/pinosos.es\/fr\/wp-json\/wp\/v2\/comments?post=23498"}],"wp:featuredmedia":[{"embeddable":true,"href":"https:\/\/pinosos.es\/fr\/wp-json\/wp\/v2\/media\/23499"}],"wp:attachment":[{"href":"https:\/\/pinosos.es\/fr\/wp-json\/wp\/v2\/media?parent=23498"}],"wp:term":[{"taxonomy":"product_brand","embeddable":true,"href":"https:\/\/pinosos.es\/fr\/wp-json\/wp\/v2\/product_brand?post=23498"},{"taxonomy":"product_cat","embeddable":true,"href":"https:\/\/pinosos.es\/fr\/wp-json\/wp\/v2\/product_cat?post=23498"},{"taxonomy":"product_tag","embeddable":true,"href":"https:\/\/pinosos.es\/fr\/wp-json\/wp\/v2\/product_tag?post=23498"}],"curies":[{"name":"wp","href":"https:\/\/api.w.org\/{rel}","templated":true}]}}