{"id":23508,"date":"2021-04-22T13:46:36","date_gmt":"2021-04-22T11:46:36","guid":{"rendered":"https:\/\/pinosos.es\/tienda\/non%20class\u00e9\/sandale-7517-h-york\/"},"modified":"2025-06-05T11:22:28","modified_gmt":"2025-06-05T09:22:28","slug":"sandale-7517-h-york","status":"publish","type":"product","link":"https:\/\/pinosos.es\/fr\/boutique\/sandale-7517-h-york\/","title":{"rendered":"Sandale 7517-H York"},"content":{"rendered":"<p>&#8211; Sandale d&rsquo;\u00e9t\u00e9 pour homme, fabriqu\u00e9e en cuir de vachette de haute qualit\u00e9, avec une finition souple et respirante. Sur le cou-de-pied et le talon, elle est dot\u00e9e d&rsquo;un tissu respirant pour que le pied ne transpire pas. Id\u00e9ale pour les diab\u00e9tiques ou les personnes aux pieds d\u00e9licats.<\/p>\n<p>&#8211; Doublure en fibre synth\u00e9tique, mieux connue sous le nom de Coolmax, qui offre une grande r\u00e9sistance \u00e0 l&rsquo;humidit\u00e9, aidant \u00e0 garder le pied frais, sec et confortable. Int\u00e9rieur sans couture pour \u00e9viter les frottements ou l&rsquo;\u00e9rosion sur les pieds sensibles.<\/p>\n<p>&#8211; Semelle int\u00e9rieure amovible en viscolatex de 8 mm, con\u00e7ue pour les pieds sensibles, facilitant la circulation de l&rsquo;air \u00e0 chaque pas gr\u00e2ce \u00e0 l&rsquo;effet de compression-d\u00e9compression.<\/p>\n<p>&#8211; Semelle en mat\u00e9riau expans\u00e9 de faible densit\u00e9, qui permet d&rsquo;obtenir des semelles vraiment l\u00e9g\u00e8res, avec de tr\u00e8s bonnes propri\u00e9t\u00e9s d&rsquo;abrasion et d&rsquo;antid\u00e9rapance. Hauteur de la semelle 2,5 cm.<\/p>\n<p>&#8211; Sa forme extra-large est anatomique et suit la courbure naturelle du pied pour un ajustement confortable et optimal.<\/p>\n<p>&nbsp;<\/p>\n<p><strong>MESURES DE LARGEUR ET DE LONGUEUR PAR POINTURE<\/strong><\/p>\n<table style=\"height: 417px;\" width=\"270\">\n<thead>\n<tr>\n<th align=\"center\">Pointure<\/th>\n<th align=\"center\">Largeur (mm)<\/th>\n<th align=\"center\">Longueur (mm)<\/th>\n<\/tr>\n<\/thead>\n<tbody>\n<tr>\n<td align=\"center\">39<\/td>\n<td align=\"center\">256,1<\/td>\n<td align=\"center\">257,2<\/td>\n<\/tr>\n<tr>\n<td align=\"center\">40<\/td>\n<td align=\"center\">259,4<\/td>\n<td align=\"center\">263,8<\/td>\n<\/tr>\n<tr>\n<td align=\"center\">41<\/td>\n<td align=\"center\">262,7<\/td>\n<td align=\"center\">270,4<\/td>\n<\/tr>\n<tr>\n<td align=\"center\">42<\/td>\n<td align=\"center\">266,0<\/td>\n<td align=\"center\">277,0<\/td>\n<\/tr>\n<tr>\n<td align=\"center\">43<\/td>\n<td align=\"center\">269,3<\/td>\n<td align=\"center\">283,6<\/td>\n<\/tr>\n<tr>\n<td align=\"center\">44<\/td>\n<td align=\"center\">272,6<\/td>\n<td align=\"center\">290,2<\/td>\n<\/tr>\n<tr>\n<td align=\"center\">45<\/td>\n<td align=\"center\">275,9<\/td>\n<td align=\"center\">296,8<\/td>\n<\/tr>\n<tr>\n<td align=\"center\">46<\/td>\n<td align=\"center\">279,2<\/td>\n<td align=\"center\">303,4<\/td>\n<\/tr>\n<tr>\n<td align=\"center\">47<\/td>\n<td align=\"center\">282,5<\/td>\n<td align=\"center\">310,0<\/td>\n<\/tr>\n<tr>\n<td align=\"center\">48<\/td>\n<td align=\"center\">285,8<\/td>\n<td align=\"center\">316,6<\/td>\n<\/tr>\n<tr>\n<td align=\"center\">49<\/td>\n<td align=\"center\">289,1<\/td>\n<td align=\"center\">323,2<\/td>\n<\/tr>\n<tr>\n<td align=\"center\">50<\/td>\n<td align=\"center\">292,4<\/td>\n<td align=\"center\">329,8<\/td>\n<\/tr>\n<\/tbody>\n<\/table>\n","protected":false},"excerpt":{"rendered":"<p>&#8211; Sandale d&rsquo;\u00e9t\u00e9 pour homme, fabriqu\u00e9e en cuir de vachette de haute qualit\u00e9, avec une finition souple et respirante. Sur le cou-de-pied et le talon, elle est dot\u00e9e d&rsquo;un tissu respirant pour que le pied ne transpire pas. Id\u00e9ale pour les diab\u00e9tiques ou les personnes&#8230;<\/p>\n","protected":false},"featured_media":24366,"comment_status":"open","ping_status":"closed","template":"","meta":{"wds_primary_product_brand":0,"wds_primary_product_cat":487},"product_brand":[],"product_cat":[487,526,523],"product_tag":[520,514,515,496,489,516,493,519,507,495,490,492],"class_list":{"0":"post-23508","1":"product","2":"type-product","3":"status-publish","4":"has-post-thumbnail","6":"product_cat-des-chaussure-pour-lui","7":"product_cat-outlet-homme","8":"product_cat-soldes","9":"product_tag-ete","10":"product_tag-extra-large","11":"product_tag-fermeture-velcro","12":"product_tag-large","13":"product_tag-leger","14":"product_tag-pied-diabetique","15":"product_tag-respirante","16":"product_tag-sandale","17":"product_tag-sans-coutures-interieures","18":"product_tag-semelle-exterieure-antiderapante","19":"product_tag-semelle-interieure-amovible","20":"product_tag-souple","21":"pa_ancho-h-fr","22":"pa_cierre-velcro-fr","23":"pa_color-york-fr","24":"pa_talla-hombre-39-fr","25":"pa_talla-hombre-42-fr","26":"pa_talla-hombre-43-fr","27":"pa_talla-hombre-44-fr","28":"pa_talla-hombre-45-fr","29":"pa_talla-hombre-46-fr","30":"pa_talla-hombre-47-fr","31":"pa_talla-hombre-48-fr","32":"pa_talla-hombre-49-fr","33":"pa_talla-hombre-50-fr","35":"first","36":"instock","37":"sale","38":"shipping-taxable","39":"purchasable","40":"product-type-variable","41":"wvs-archive-product-wrapper"},"_links":{"self":[{"href":"https:\/\/pinosos.es\/fr\/wp-json\/wp\/v2\/product\/23508","targetHints":{"allow":["GET"]}}],"collection":[{"href":"https:\/\/pinosos.es\/fr\/wp-json\/wp\/v2\/product"}],"about":[{"href":"https:\/\/pinosos.es\/fr\/wp-json\/wp\/v2\/types\/product"}],"replies":[{"embeddable":true,"href":"https:\/\/pinosos.es\/fr\/wp-json\/wp\/v2\/comments?post=23508"}],"wp:featuredmedia":[{"embeddable":true,"href":"https:\/\/pinosos.es\/fr\/wp-json\/wp\/v2\/media\/24366"}],"wp:attachment":[{"href":"https:\/\/pinosos.es\/fr\/wp-json\/wp\/v2\/media?parent=23508"}],"wp:term":[{"taxonomy":"product_brand","embeddable":true,"href":"https:\/\/pinosos.es\/fr\/wp-json\/wp\/v2\/product_brand?post=23508"},{"taxonomy":"product_cat","embeddable":true,"href":"https:\/\/pinosos.es\/fr\/wp-json\/wp\/v2\/product_cat?post=23508"},{"taxonomy":"product_tag","embeddable":true,"href":"https:\/\/pinosos.es\/fr\/wp-json\/wp\/v2\/product_tag?post=23508"}],"curies":[{"name":"wp","href":"https:\/\/api.w.org\/{rel}","templated":true}]}}