{"id":23535,"date":"2021-04-22T13:45:00","date_gmt":"2021-04-22T11:45:00","guid":{"rendered":"https:\/\/pinosos.es\/tienda\/non%20class\u00e9\/chaussures-a-lacets-5472\/"},"modified":"2025-01-08T11:33:57","modified_gmt":"2025-01-08T10:33:57","slug":"chaussures-a-lacets-5472","status":"publish","type":"product","link":"https:\/\/pinosos.es\/fr\/boutique\/chaussures-a-lacets-5472\/","title":{"rendered":"Chaussures \u00e0 lacets 5472"},"content":{"rendered":"<p>&#8211; Chaussure \u00e0 lacets pour femmes en peau de mouton douce et respirante.<\/p>\n<p>&#8211; Doublure int\u00e9rieure en microfibre dot\u00e9e d&rsquo;un syst\u00e8me sup\u00e9rieur d&rsquo;absorption de la peau, \u00e9vacuant l&rsquo;humidit\u00e9 et gardant les pieds au sec.<\/p>\n<p>&#8211; Semelle int\u00e9rieure anatomique amovible, doubl\u00e9e de microfibre tr\u00e8s r\u00e9sistante et dot\u00e9e d&rsquo;une grande capacit\u00e9 d&rsquo;absorption des chocs.<\/p>\n<p>&#8211; Semelle ext\u00e9rieure l\u00e9g\u00e8re et durable en caoutchouc antid\u00e9rapant pour \u00e9viter de glisser sur les surfaces glissantes. Hauteur de la semelle 3,5 cm.<\/p>\n<p>&#8211; Forme de largeur standard, permettant l&rsquo;adaptation de semelles personnalis\u00e9es.<\/p>\n","protected":false},"excerpt":{"rendered":"<p>&#8211; Chaussure \u00e0 lacets pour femmes en peau de mouton douce et respirante. &#8211; Doublure int\u00e9rieure en microfibre dot\u00e9e d&rsquo;un syst\u00e8me sup\u00e9rieur d&rsquo;absorption de la peau, \u00e9vacuant l&rsquo;humidit\u00e9 et gardant les pieds au sec. &#8211; Semelle int\u00e9rieure anatomique amovible, doubl\u00e9e de microfibre tr\u00e8s r\u00e9sistante et&#8230;<\/p>\n","protected":false},"featured_media":23536,"comment_status":"open","ping_status":"closed","template":"","meta":{"wds_primary_product_brand":0,"wds_primary_product_cat":517},"product_brand":[],"product_cat":[517,313],"product_tag":[494,491,566,489,493,495,490,492],"class_list":{"0":"post-23535","1":"product","2":"type-product","3":"status-publish","4":"has-post-thumbnail","6":"product_cat-chaussures-confortables-femme","7":"product_cat-chaussures-confortables-femmes","8":"product_tag-chaussures-a-lacets","9":"product_tag-lacets","10":"product_tag-largeur-standard","11":"product_tag-leger","12":"product_tag-respirante","13":"product_tag-semelle-exterieure-antiderapante","14":"product_tag-semelle-interieure-amovible","15":"product_tag-souple","16":"pa_cierre-lacet","17":"pa_color-noir","18":"pa_talla-mujer-35-fr","19":"pa_talla-mujer-36-fr","20":"pa_talla-mujer-37-fr","21":"pa_talla-mujer-38-fr","22":"pa_talla-mujer-39-fr","23":"pa_talla-mujer-40-fr","24":"pa_talla-mujer-41-fr","25":"pa_talla-mujer-42-fr","27":"first","28":"instock","29":"shipping-taxable","30":"purchasable","31":"product-type-variable","32":"has-default-attributes","33":"wvs-archive-product-wrapper"},"_links":{"self":[{"href":"https:\/\/pinosos.es\/fr\/wp-json\/wp\/v2\/product\/23535","targetHints":{"allow":["GET"]}}],"collection":[{"href":"https:\/\/pinosos.es\/fr\/wp-json\/wp\/v2\/product"}],"about":[{"href":"https:\/\/pinosos.es\/fr\/wp-json\/wp\/v2\/types\/product"}],"replies":[{"embeddable":true,"href":"https:\/\/pinosos.es\/fr\/wp-json\/wp\/v2\/comments?post=23535"}],"wp:featuredmedia":[{"embeddable":true,"href":"https:\/\/pinosos.es\/fr\/wp-json\/wp\/v2\/media\/23536"}],"wp:attachment":[{"href":"https:\/\/pinosos.es\/fr\/wp-json\/wp\/v2\/media?parent=23535"}],"wp:term":[{"taxonomy":"product_brand","embeddable":true,"href":"https:\/\/pinosos.es\/fr\/wp-json\/wp\/v2\/product_brand?post=23535"},{"taxonomy":"product_cat","embeddable":true,"href":"https:\/\/pinosos.es\/fr\/wp-json\/wp\/v2\/product_cat?post=23535"},{"taxonomy":"product_tag","embeddable":true,"href":"https:\/\/pinosos.es\/fr\/wp-json\/wp\/v2\/product_tag?post=23535"}],"curies":[{"name":"wp","href":"https:\/\/api.w.org\/{rel}","templated":true}]}}