{"id":23604,"date":"2021-04-22T13:38:16","date_gmt":"2021-04-22T11:38:16","guid":{"rendered":"https:\/\/pinosos.es\/tienda\/non%20class\u00e9\/chaussures-oxford-5944-h\/"},"modified":"2024-11-26T14:02:32","modified_gmt":"2024-11-26T13:02:32","slug":"chaussures-oxford-5944-h","status":"publish","type":"product","link":"https:\/\/pinosos.es\/fr\/boutique\/chaussures-oxford-5944-h\/","title":{"rendered":"Chaussures Oxford 5944-H"},"content":{"rendered":"<p>&#8211; Chaussures Oxford \u00e0 lacets pour femmes. Fabriqu\u00e9e \u00e0 partir de la combinaison de deux mat\u00e9riaux, le cou-de-pied et le talon sont en cuir d&rsquo;agneau souple de premi\u00e8re qualit\u00e9 avec de la mousse pour un meilleur soutien du pied, et les c\u00f4t\u00e9s sont en mat\u00e9riau \u00e9lastique, ce qui les rend plus flexibles et les adapte aux mouvements du pied. Id\u00e9ale pour les diab\u00e9tiques ou les personnes aux pieds d\u00e9licats.<\/p>\n<p>&#8211; L&rsquo;int\u00e9rieur de la chaussure est compos\u00e9 de deux types de doublure. L&rsquo;arri\u00e8re de la chaussure est dot\u00e9 d&rsquo;une doublure technologique en microfibre 100 % respirante qui maintient le pied au sec. L&rsquo;avant de la chaussure est compos\u00e9 d&rsquo;un mat\u00e9riau \u00e9lastique qui permet de ne pas serrer le pied. Elle est \u00e9galement d\u00e9pourvue de coutures int\u00e9rieures pour \u00e9viter les frottements.<\/p>\n<p>&#8211; Semelle int\u00e9rieure amovible en viscolatex de 5 mm, qui compense et r\u00e9partit les charges de pression sur la plante des pieds, en absorbant une grande partie de l&rsquo;\u00e9nergie re\u00e7ue \u00e0 chaque pas, en amortissant l&rsquo;impact et en \u00e9liminant la fatigue articulaire.<\/p>\n<p>&#8211; Semelle l\u00e9g\u00e8re, isolante, avec une bonne absorption des chocs, antid\u00e9rapante, durable, inalt\u00e9rable et tr\u00e8s r\u00e9sistante \u00e0 la d\u00e9chirure. Hauteur de la semelle 3 cm.<\/p>\n<p>&#8211; Forme extra-large id\u00e9ale pour les pieds sensibles avec oignons, d\u00e9formations, mauvaise circulation. Possibilit\u00e9 d&rsquo;inclure des semelles anatomiques et\/ou orthop\u00e9diques.<\/p>\n","protected":false},"excerpt":{"rendered":"<p>&#8211; Chaussures Oxford \u00e0 lacets pour femmes. Fabriqu\u00e9e \u00e0 partir de la combinaison de deux mat\u00e9riaux, le cou-de-pied et le talon sont en cuir d&rsquo;agneau souple de premi\u00e8re qualit\u00e9 avec de la mousse pour un meilleur soutien du pied, et les c\u00f4t\u00e9s sont en mat\u00e9riau&#8230;<\/p>\n","protected":false},"featured_media":24112,"comment_status":"open","ping_status":"closed","template":"","meta":{"wds_primary_product_brand":0,"wds_primary_product_cat":313},"product_brand":[],"product_cat":[313,527],"product_tag":[532,514,491,489,516,506,493,507,495,490,492],"class_list":{"0":"post-23604","1":"product","2":"type-product","3":"status-publish","4":"has-post-thumbnail","6":"product_cat-chaussures-confortables-femmes","7":"product_cat-largeur-speciale-pied-sensible-femme","8":"product_tag-chaussures-oxford","9":"product_tag-extra-large","10":"product_tag-lacets","11":"product_tag-leger","12":"product_tag-pied-diabetique","13":"product_tag-pieds-sensibles","14":"product_tag-respirante","15":"product_tag-sans-coutures-interieures","16":"product_tag-semelle-exterieure-antiderapante","17":"product_tag-semelle-interieure-amovible","18":"product_tag-souple","19":"pa_ancho-h-fr","20":"pa_cierre-lacet","21":"pa_color-noir","22":"pa_talla-mujer-35-fr","23":"pa_talla-mujer-36-fr","24":"pa_talla-mujer-37-fr","25":"pa_talla-mujer-38-fr","26":"pa_talla-mujer-40-fr","27":"pa_talla-mujer-41-fr","28":"pa_talla-mujer-42-fr","30":"first","31":"instock","32":"shipping-taxable","33":"purchasable","34":"product-type-variable","35":"wvs-archive-product-wrapper"},"_links":{"self":[{"href":"https:\/\/pinosos.es\/fr\/wp-json\/wp\/v2\/product\/23604","targetHints":{"allow":["GET"]}}],"collection":[{"href":"https:\/\/pinosos.es\/fr\/wp-json\/wp\/v2\/product"}],"about":[{"href":"https:\/\/pinosos.es\/fr\/wp-json\/wp\/v2\/types\/product"}],"replies":[{"embeddable":true,"href":"https:\/\/pinosos.es\/fr\/wp-json\/wp\/v2\/comments?post=23604"}],"wp:featuredmedia":[{"embeddable":true,"href":"https:\/\/pinosos.es\/fr\/wp-json\/wp\/v2\/media\/24112"}],"wp:attachment":[{"href":"https:\/\/pinosos.es\/fr\/wp-json\/wp\/v2\/media?parent=23604"}],"wp:term":[{"taxonomy":"product_brand","embeddable":true,"href":"https:\/\/pinosos.es\/fr\/wp-json\/wp\/v2\/product_brand?post=23604"},{"taxonomy":"product_cat","embeddable":true,"href":"https:\/\/pinosos.es\/fr\/wp-json\/wp\/v2\/product_cat?post=23604"},{"taxonomy":"product_tag","embeddable":true,"href":"https:\/\/pinosos.es\/fr\/wp-json\/wp\/v2\/product_tag?post=23604"}],"curies":[{"name":"wp","href":"https:\/\/api.w.org\/{rel}","templated":true}]}}