{"id":23619,"date":"2021-04-22T13:38:48","date_gmt":"2021-04-22T11:38:48","guid":{"rendered":"https:\/\/pinosos.es\/tienda\/non%20class\u00e9\/chaussures-a-lacets-6789-h\/"},"modified":"2025-06-06T07:03:56","modified_gmt":"2025-06-06T05:03:56","slug":"chaussures-a-lacets-6789-h","status":"publish","type":"product","link":"https:\/\/pinosos.es\/fr\/boutique\/chaussures-a-lacets-6789-h\/","title":{"rendered":"Chaussures \u00e0 lacets 6789-H"},"content":{"rendered":"<p>&#8211; Chaussure pour homme extra confortable avec lacets, fabriqu\u00e9e en 100% peau d&rsquo;agneau naturelle avec mousse, tr\u00e8s douce et respirante, tr\u00e8s confortable et s&rsquo;adaptant au maximum au pied sans l&rsquo;oppresser. Id\u00e9ale pour les diab\u00e9tiques ou les personnes aux pieds d\u00e9licats.<\/p>\n<p>&#8211; Doublure Coolmax qui \u00e9vacue la transpiration du pied, le gardant frais, confortable et sec. Int\u00e9rieur sans couture pour \u00e9viter les frottements ou l&rsquo;\u00e9rosion sur les pieds sensibles.<\/p>\n<p>&#8211; Semelle int\u00e9rieure en viscolatex de 8 mm, qui compense et r\u00e9partit les charges de pression sur la plante des pieds, en absorbant une grande partie de l&rsquo;\u00e9nergie re\u00e7ue \u00e0 chaque pas, en amortissant l&rsquo;impact et en \u00e9liminant la fatigue articulaire.<\/p>\n<p>&#8211; Semelle en mat\u00e9riau expans\u00e9 de faible densit\u00e9, ce qui permet d&rsquo;obtenir des semelles tr\u00e8s l\u00e9g\u00e8res, avec de tr\u00e8s bonnes propri\u00e9t\u00e9s d&rsquo;abrasion et d&rsquo;antid\u00e9rapance. Hauteur de la semelle 2,5 cm.<\/p>\n<p>&#8211; Forme extra-large avec possibilit\u00e9 d&rsquo;inclure des semelles anatomiques et\/ou orthop\u00e9diques.<\/p>\n<p>&nbsp;<\/p>\n<p><strong>MESURES DE LARGEUR ET DE LONGUEUR PAR POINTURE<\/strong><\/p>\n<table style=\"height: 442px;\" width=\"292\">\n<thead>\n<tr>\n<th align=\"center\">Pointure<\/th>\n<th align=\"center\">Largeur (mm)<\/th>\n<th align=\"center\">Longueur (mm)<\/th>\n<\/tr>\n<\/thead>\n<tbody>\n<tr>\n<td align=\"center\">39<\/td>\n<td align=\"center\">256,1<\/td>\n<td align=\"center\">257,2<\/td>\n<\/tr>\n<tr>\n<td align=\"center\">40<\/td>\n<td align=\"center\">259,4<\/td>\n<td align=\"center\">263,8<\/td>\n<\/tr>\n<tr>\n<td align=\"center\">41<\/td>\n<td align=\"center\">262,7<\/td>\n<td align=\"center\">270,4<\/td>\n<\/tr>\n<tr>\n<td align=\"center\">42<\/td>\n<td align=\"center\">266,0<\/td>\n<td align=\"center\">277,0<\/td>\n<\/tr>\n<tr>\n<td align=\"center\">43<\/td>\n<td align=\"center\">269,3<\/td>\n<td align=\"center\">283,6<\/td>\n<\/tr>\n<tr>\n<td align=\"center\">44<\/td>\n<td align=\"center\">272,6<\/td>\n<td align=\"center\">290,2<\/td>\n<\/tr>\n<tr>\n<td align=\"center\">45<\/td>\n<td align=\"center\">275,9<\/td>\n<td align=\"center\">296,8<\/td>\n<\/tr>\n<tr>\n<td align=\"center\">46<\/td>\n<td align=\"center\">279,2<\/td>\n<td align=\"center\">303,4<\/td>\n<\/tr>\n<tr>\n<td align=\"center\">47<\/td>\n<td align=\"center\">282,5<\/td>\n<td align=\"center\">310,0<\/td>\n<\/tr>\n<tr>\n<td align=\"center\">48<\/td>\n<td align=\"center\">285,8<\/td>\n<td align=\"center\">316,6<\/td>\n<\/tr>\n<tr>\n<td align=\"center\">49<\/td>\n<td align=\"center\">289,1<\/td>\n<td align=\"center\">323,2<\/td>\n<\/tr>\n<tr>\n<td align=\"center\">50<\/td>\n<td align=\"center\">292,4<\/td>\n<td align=\"center\">329,8<\/td>\n<\/tr>\n<\/tbody>\n<\/table>\n","protected":false},"excerpt":{"rendered":"<p>&#8211; Chaussure pour homme extra confortable avec lacets, fabriqu\u00e9e en 100% peau d&rsquo;agneau naturelle avec mousse, tr\u00e8s douce et respirante, tr\u00e8s confortable et s&rsquo;adaptant au maximum au pied sans l&rsquo;oppresser. Id\u00e9ale pour les diab\u00e9tiques ou les personnes aux pieds d\u00e9licats. &#8211; Doublure Coolmax qui \u00e9vacue&#8230;<\/p>\n","protected":false},"featured_media":23829,"comment_status":"open","ping_status":"closed","template":"","meta":{"wds_primary_product_brand":0,"wds_primary_product_cat":487},"product_brand":[577],"product_cat":[487,512],"product_tag":[494,514,491,489,516,506,493,507,495,490,492],"class_list":{"0":"post-23619","1":"product","2":"type-product","3":"status-publish","4":"has-post-thumbnail","6":"product_brand-pie-diabetico-pinosos","7":"product_cat-des-chaussure-pour-lui","8":"product_cat-largeur-speciale-pied-sensible-homme","9":"product_tag-chaussures-a-lacets","10":"product_tag-extra-large","11":"product_tag-lacets","12":"product_tag-leger","13":"product_tag-pied-diabetique","14":"product_tag-pieds-sensibles","15":"product_tag-respirante","16":"product_tag-sans-coutures-interieures","17":"product_tag-semelle-exterieure-antiderapante","18":"product_tag-semelle-interieure-amovible","19":"product_tag-souple","20":"pa_ancho-h-fr","21":"pa_cierre-lacet","22":"pa_color-acajou-fr","23":"pa_color-noir","24":"pa_talla-hombre-39-fr","25":"pa_talla-hombre-40-fr","26":"pa_talla-hombre-41-fr","27":"pa_talla-hombre-42-fr","28":"pa_talla-hombre-43-fr","29":"pa_talla-hombre-44-fr","30":"pa_talla-hombre-45-fr","31":"pa_talla-hombre-46-fr","32":"pa_talla-hombre-47-fr","33":"pa_talla-hombre-48-fr","34":"pa_talla-hombre-49-fr","36":"first","37":"instock","38":"shipping-taxable","39":"purchasable","40":"product-type-variable","41":"wvs-archive-product-wrapper"},"_links":{"self":[{"href":"https:\/\/pinosos.es\/fr\/wp-json\/wp\/v2\/product\/23619","targetHints":{"allow":["GET"]}}],"collection":[{"href":"https:\/\/pinosos.es\/fr\/wp-json\/wp\/v2\/product"}],"about":[{"href":"https:\/\/pinosos.es\/fr\/wp-json\/wp\/v2\/types\/product"}],"replies":[{"embeddable":true,"href":"https:\/\/pinosos.es\/fr\/wp-json\/wp\/v2\/comments?post=23619"}],"wp:featuredmedia":[{"embeddable":true,"href":"https:\/\/pinosos.es\/fr\/wp-json\/wp\/v2\/media\/23829"}],"wp:attachment":[{"href":"https:\/\/pinosos.es\/fr\/wp-json\/wp\/v2\/media?parent=23619"}],"wp:term":[{"taxonomy":"product_brand","embeddable":true,"href":"https:\/\/pinosos.es\/fr\/wp-json\/wp\/v2\/product_brand?post=23619"},{"taxonomy":"product_cat","embeddable":true,"href":"https:\/\/pinosos.es\/fr\/wp-json\/wp\/v2\/product_cat?post=23619"},{"taxonomy":"product_tag","embeddable":true,"href":"https:\/\/pinosos.es\/fr\/wp-json\/wp\/v2\/product_tag?post=23619"}],"curies":[{"name":"wp","href":"https:\/\/api.w.org\/{rel}","templated":true}]}}