{"id":23697,"date":"2021-04-22T13:39:18","date_gmt":"2021-04-22T11:39:18","guid":{"rendered":"https:\/\/pinosos.es\/tienda\/non%20class\u00e9\/bottine-7627\/"},"modified":"2025-06-16T07:16:06","modified_gmt":"2025-06-16T05:16:06","slug":"bottine-7627","status":"publish","type":"product","link":"https:\/\/pinosos.es\/fr\/boutique\/bottine-7627\/","title":{"rendered":"Bottine 7627"},"content":{"rendered":"<p>&#8211; Bottines pour hommes avec lacets pour un meilleur maintien du pied. Fabriqu\u00e9es en cuir d&rsquo;agneau 100 % naturel, tr\u00e8s souple et respirant, elles s&rsquo;adaptent parfaitement au pied sans le comprimer.<\/p>\n<p>&#8211; Doublure en microfibre mouss\u00e9e con\u00e7ue pour garder le pied au frais et au sec, ce qui vous aide \u00e0 donner le meilleur de vous-m\u00eame. Int\u00e9rieur sans couture pour \u00e9viter les frottements ou l&rsquo;\u00e9rosion sur les pieds sensibles.<\/p>\n<p>&#8211; Semelle int\u00e9rieure amovible doubl\u00e9e de microfibre, qui garde les pieds au sec en \u00e9vacuant l&rsquo;humidit\u00e9 gr\u00e2ce \u00e0 un syst\u00e8me sup\u00e9rieur d&rsquo;absorption de l&rsquo;humidit\u00e9.<\/p>\n<p>&#8211; Semelle l\u00e9g\u00e8re et isolante avec une bonne absorption des chocs, antid\u00e9rapante, durable, r\u00e9sistante \u00e0 la d\u00e9coloration et aux d\u00e9chirures. Hauteur de la semelle : 3 cm.<\/p>\n<p>&#8211; Forme large pour que le pied ne soit pas serr\u00e9, \u00e9vitant ainsi les probl\u00e8mes de pieds les plus courants.<\/p>\n<p>&nbsp;<\/p>\n<p><strong>MESURES DE LARGEUR ET DE LONGUEUR PAR POINTURE<\/strong><\/p>\n<table>\n<thead>\n<tr>\n<th align=\"center\">Pointure<\/th>\n<th align=\"center\">Largeur (mm)<\/th>\n<th align=\"center\">Longueur (mm)<\/th>\n<\/tr>\n<\/thead>\n<tbody>\n<tr>\n<td align=\"center\">39<\/td>\n<td align=\"center\">243,1<\/td>\n<td align=\"center\">265,2<\/td>\n<\/tr>\n<tr>\n<td align=\"center\">40<\/td>\n<td align=\"center\">246,4<\/td>\n<td align=\"center\">271,8<\/td>\n<\/tr>\n<tr>\n<td align=\"center\">41<\/td>\n<td align=\"center\">249,7<\/td>\n<td align=\"center\">278,4<\/td>\n<\/tr>\n<tr>\n<td align=\"center\">42<\/td>\n<td align=\"center\">253,0<\/td>\n<td align=\"center\">285,0<\/td>\n<\/tr>\n<tr>\n<td align=\"center\">43<\/td>\n<td align=\"center\">256,3<\/td>\n<td align=\"center\">291,6<\/td>\n<\/tr>\n<tr>\n<td align=\"center\">44<\/td>\n<td align=\"center\">259,6<\/td>\n<td align=\"center\">298,2<\/td>\n<\/tr>\n<tr>\n<td align=\"center\">45<\/td>\n<td align=\"center\">262,9<\/td>\n<td align=\"center\">304,8<\/td>\n<\/tr>\n<tr>\n<td align=\"center\">46<\/td>\n<td align=\"center\">266,2<\/td>\n<td align=\"center\">311,4<\/td>\n<\/tr>\n<\/tbody>\n<\/table>\n","protected":false},"excerpt":{"rendered":"<p>&#8211; Bottines pour hommes avec lacets pour un meilleur maintien du pied. Fabriqu\u00e9es en cuir d&rsquo;agneau 100 % naturel, tr\u00e8s souple et respirant, elles s&rsquo;adaptent parfaitement au pied sans le comprimer. &#8211; Doublure en microfibre mouss\u00e9e con\u00e7ue pour garder le pied au frais et au&#8230;<\/p>\n","protected":false},"featured_media":23724,"comment_status":"open","ping_status":"closed","template":"","meta":{"wds_primary_product_brand":0,"wds_primary_product_cat":488},"product_brand":[571],"product_cat":[488,487],"product_tag":[513,498,491,496,489,493,507,495,490,492],"class_list":{"0":"post-23697","1":"product","2":"type-product","3":"status-publish","4":"has-post-thumbnail","6":"product_brand-pinosos","7":"product_cat-chaussures-confortables-pour-hommes","8":"product_cat-des-chaussure-pour-lui","9":"product_tag-bottine","10":"product_tag-kiowa-fr","11":"product_tag-lacets","12":"product_tag-large","13":"product_tag-leger","14":"product_tag-respirante","15":"product_tag-sans-coutures-interieures","16":"product_tag-semelle-exterieure-antiderapante","17":"product_tag-semelle-interieure-amovible","18":"product_tag-souple","19":"pa_cierre-lacet","20":"pa_color-marron-fr","21":"pa_color-noir","22":"pa_talla-hombre-39-fr","23":"pa_talla-hombre-40-fr","24":"pa_talla-hombre-41-fr","25":"pa_talla-hombre-42-fr","26":"pa_talla-hombre-43-fr","27":"pa_talla-hombre-44-fr","28":"pa_talla-hombre-45-fr","29":"pa_talla-hombre-46-fr","31":"first","32":"instock","33":"shipping-taxable","34":"purchasable","35":"product-type-variable","36":"wvs-archive-product-wrapper"},"_links":{"self":[{"href":"https:\/\/pinosos.es\/fr\/wp-json\/wp\/v2\/product\/23697","targetHints":{"allow":["GET"]}}],"collection":[{"href":"https:\/\/pinosos.es\/fr\/wp-json\/wp\/v2\/product"}],"about":[{"href":"https:\/\/pinosos.es\/fr\/wp-json\/wp\/v2\/types\/product"}],"replies":[{"embeddable":true,"href":"https:\/\/pinosos.es\/fr\/wp-json\/wp\/v2\/comments?post=23697"}],"wp:featuredmedia":[{"embeddable":true,"href":"https:\/\/pinosos.es\/fr\/wp-json\/wp\/v2\/media\/23724"}],"wp:attachment":[{"href":"https:\/\/pinosos.es\/fr\/wp-json\/wp\/v2\/media?parent=23697"}],"wp:term":[{"taxonomy":"product_brand","embeddable":true,"href":"https:\/\/pinosos.es\/fr\/wp-json\/wp\/v2\/product_brand?post=23697"},{"taxonomy":"product_cat","embeddable":true,"href":"https:\/\/pinosos.es\/fr\/wp-json\/wp\/v2\/product_cat?post=23697"},{"taxonomy":"product_tag","embeddable":true,"href":"https:\/\/pinosos.es\/fr\/wp-json\/wp\/v2\/product_tag?post=23697"}],"curies":[{"name":"wp","href":"https:\/\/api.w.org\/{rel}","templated":true}]}}