{"id":23814,"date":"2021-04-22T13:38:49","date_gmt":"2021-04-22T11:38:49","guid":{"rendered":"https:\/\/pinosos.es\/tienda\/non%20class\u00e9\/chaussures-a-velcro-5749-h\/"},"modified":"2025-06-23T07:36:31","modified_gmt":"2025-06-23T05:36:31","slug":"chaussures-a-velcro-5749-h","status":"publish","type":"product","link":"https:\/\/pinosos.es\/fr\/boutique\/chaussures-a-velcro-5749-h\/","title":{"rendered":"Chaussures \u00e0 velcro 5749-H"},"content":{"rendered":"<p>&#8211; Chaussure pour homme, extra confortable avec velcro, fabriqu\u00e9e avec de la mousse d&rsquo;agneau 100% naturelle, tr\u00e8s douce et respirante, avec un grand confort et une adaptabilit\u00e9 maximale au pied sans le presser. En outre, la partie sup\u00e9rieure de la chaussure est faite d&rsquo;un mat\u00e9riau \u00e9lastique qui lui conf\u00e8re une plus grande flexibilit\u00e9 en s&rsquo;adaptant aux mouvements du pied. Id\u00e9ale pour les personnes souffrant de diab\u00e8te ou ayant des pieds d\u00e9licats.<\/p>\n<p>&#8211; Doublure \u00e9lastique pour que le pied ne soit pas oppress\u00e9, ce qui permet d&rsquo;\u00e9viter des probl\u00e8mes tels que les oignons, les d\u00e9formations des doigts, la mauvaise circulation, etc. De plus, il n&rsquo;y a pas de couture \u00e0 l&rsquo;int\u00e9rieur pour \u00e9viter les frottements ou l&rsquo;\u00e9rosion sur les pieds sensibles.<\/p>\n<p>&#8211; Semelle int\u00e9rieure amovible en viscolatex de 8 mm, qui absorbe une grande partie de l&rsquo;\u00e9nergie re\u00e7ue \u00e0 chaque pas, en amortissant l&rsquo;impact et en \u00e9liminant la fatigue des articulations.<\/p>\n<p>&#8211; Semelle Microtech tr\u00e8s durable et tr\u00e8s r\u00e9sistante \u00e0 l&rsquo;usure. Hauteur de la semelle 2,8 cm.<\/p>\n<p>&#8211; Sa forme extra-large est anatomique et suit la courbure naturelle du pied pour un ajustement confortable et optimal.<\/p>\n<p>&nbsp;<\/p>\n<p><strong>MESURES DE LARGEUR ET DE LONGUEUR PAR POINTURE<\/strong><\/p>\n<table>\n<thead>\n<tr>\n<th align=\"center\">Pointure<\/th>\n<th align=\"center\">Largeur (mm)<\/th>\n<th align=\"center\">Longueur (mm)<\/th>\n<\/tr>\n<\/thead>\n<tbody>\n<tr>\n<td align=\"center\">39<\/td>\n<td align=\"center\">244,1<\/td>\n<td align=\"center\">259,2<\/td>\n<\/tr>\n<tr>\n<td align=\"center\">40<\/td>\n<td align=\"center\">247,4<\/td>\n<td align=\"center\">265,8<\/td>\n<\/tr>\n<tr>\n<td align=\"center\">41<\/td>\n<td align=\"center\">250,7<\/td>\n<td align=\"center\">272,4<\/td>\n<\/tr>\n<tr>\n<td align=\"center\">42<\/td>\n<td align=\"center\">254,0<\/td>\n<td align=\"center\">279,0<\/td>\n<\/tr>\n<tr>\n<td align=\"center\">43<\/td>\n<td align=\"center\">257,3<\/td>\n<td align=\"center\">285,6<\/td>\n<\/tr>\n<tr>\n<td align=\"center\">44<\/td>\n<td align=\"center\">260,6<\/td>\n<td align=\"center\">292,2<\/td>\n<\/tr>\n<tr>\n<td align=\"center\">45<\/td>\n<td align=\"center\">263,9<\/td>\n<td align=\"center\">298,8<\/td>\n<\/tr>\n<tr>\n<td align=\"center\">46<\/td>\n<td align=\"center\">267,2<\/td>\n<td align=\"center\">305,4<\/td>\n<\/tr>\n<\/tbody>\n<\/table>\n","protected":false},"excerpt":{"rendered":"<p>&#8211; Chaussure pour homme, extra confortable avec velcro, fabriqu\u00e9e avec de la mousse d&rsquo;agneau 100% naturelle, tr\u00e8s douce et respirante, avec un grand confort et une adaptabilit\u00e9 maximale au pied sans le presser. En outre, la partie sup\u00e9rieure de la chaussure est faite d&rsquo;un mat\u00e9riau&#8230;<\/p>\n","protected":false},"featured_media":23813,"comment_status":"open","ping_status":"closed","template":"","meta":{"wds_primary_product_brand":0,"wds_primary_product_cat":487},"product_brand":[577],"product_cat":[487,512],"product_tag":[494,514,515,489,516,506,493,507,495,490,492],"class_list":{"0":"post-23814","1":"product","2":"type-product","3":"status-publish","4":"has-post-thumbnail","6":"product_brand-pie-diabetico-pinosos","7":"product_cat-des-chaussure-pour-lui","8":"product_cat-largeur-speciale-pied-sensible-homme","9":"product_tag-chaussures-a-lacets","10":"product_tag-extra-large","11":"product_tag-fermeture-velcro","12":"product_tag-leger","13":"product_tag-pied-diabetique","14":"product_tag-pieds-sensibles","15":"product_tag-respirante","16":"product_tag-sans-coutures-interieures","17":"product_tag-semelle-exterieure-antiderapante","18":"product_tag-semelle-interieure-amovible","19":"product_tag-souple","20":"pa_ancho-h-fr","21":"pa_cierre-velcro-fr","22":"pa_color-noir","23":"pa_talla-hombre-39-fr","24":"pa_talla-hombre-40-fr","25":"pa_talla-hombre-41-fr","26":"pa_talla-hombre-42-fr","27":"pa_talla-hombre-43-fr","28":"pa_talla-hombre-44-fr","29":"pa_talla-hombre-45-fr","30":"pa_talla-hombre-46-fr","32":"first","33":"instock","34":"shipping-taxable","35":"purchasable","36":"product-type-variable","37":"wvs-archive-product-wrapper"},"_links":{"self":[{"href":"https:\/\/pinosos.es\/fr\/wp-json\/wp\/v2\/product\/23814","targetHints":{"allow":["GET"]}}],"collection":[{"href":"https:\/\/pinosos.es\/fr\/wp-json\/wp\/v2\/product"}],"about":[{"href":"https:\/\/pinosos.es\/fr\/wp-json\/wp\/v2\/types\/product"}],"replies":[{"embeddable":true,"href":"https:\/\/pinosos.es\/fr\/wp-json\/wp\/v2\/comments?post=23814"}],"wp:featuredmedia":[{"embeddable":true,"href":"https:\/\/pinosos.es\/fr\/wp-json\/wp\/v2\/media\/23813"}],"wp:attachment":[{"href":"https:\/\/pinosos.es\/fr\/wp-json\/wp\/v2\/media?parent=23814"}],"wp:term":[{"taxonomy":"product_brand","embeddable":true,"href":"https:\/\/pinosos.es\/fr\/wp-json\/wp\/v2\/product_brand?post=23814"},{"taxonomy":"product_cat","embeddable":true,"href":"https:\/\/pinosos.es\/fr\/wp-json\/wp\/v2\/product_cat?post=23814"},{"taxonomy":"product_tag","embeddable":true,"href":"https:\/\/pinosos.es\/fr\/wp-json\/wp\/v2\/product_tag?post=23814"}],"curies":[{"name":"wp","href":"https:\/\/api.w.org\/{rel}","templated":true}]}}