{"id":23869,"date":"2021-04-22T13:38:48","date_gmt":"2021-04-22T11:38:48","guid":{"rendered":"https:\/\/pinosos.es\/tienda\/non%20class\u00e9\/bottine-5685-n-h\/"},"modified":"2025-06-20T12:14:48","modified_gmt":"2025-06-20T10:14:48","slug":"bottine-5685-n-h","status":"publish","type":"product","link":"https:\/\/pinosos.es\/fr\/boutique\/bottine-5685-n-h\/","title":{"rendered":"Bottine 5685-N-H"},"content":{"rendered":"<p>&#8211; Bottines pour hommes, avec lacets faciles \u00e0 enfiler, id\u00e9ales pour affronter l&rsquo;hiver avec un maximum de confort. Fabriqu\u00e9es en cuir d&rsquo;agneau 100% naturel, tr\u00e8s souple et respirant, elles s&rsquo;adaptent parfaitement au pied sans l&rsquo;oppresser. Id\u00e9ale pour les diab\u00e9tiques ou les personnes aux pieds d\u00e9licats.<\/p>\n<p>&#8211; Doublure en mousse Coolmax con\u00e7ue pour garder le pied au frais et au sec, afin de l&rsquo;aider \u00e0 donner le meilleur de lui-m\u00eame. Int\u00e9rieur sans couture pour \u00e9viter les frottements ou l&rsquo;\u00e9rosion sur les pieds sensibles.<\/p>\n<p>&#8211; Semelle int\u00e9rieure amovible en viscolatex de 8 mm, qui absorbe une grande partie de l&rsquo;\u00e9nergie que vous recevez \u00e0 chaque pas, amortissant l&rsquo;impact et \u00e9liminant la fatigue articulaire.<\/p>\n<p>&#8211; Semelle l\u00e9g\u00e8re, antid\u00e9rapante et isolante pour les temp\u00e9ratures chaudes et froides. Hauteur de la semelle : 3 cm.<\/p>\n<p>&#8211; Forme extra-large id\u00e9ale pour les pieds sensibles avec oignons, d\u00e9formations, mauvaise circulation&#8230;<\/p>\n<p>&nbsp;<\/p>\n<p><strong>MESURES DE LARGEUR ET DE LONGUEUR PAR POINTURE<\/strong><\/p>\n<table>\n<thead>\n<tr>\n<th align=\"center\">Pointure<\/th>\n<th align=\"center\">Largeur (mm)<\/th>\n<th align=\"center\">Longueur (mm)<\/th>\n<\/tr>\n<\/thead>\n<tbody>\n<tr>\n<td align=\"center\">39<\/td>\n<td align=\"center\">256,1<\/td>\n<td align=\"center\">257,2<\/td>\n<\/tr>\n<tr>\n<td align=\"center\">40<\/td>\n<td align=\"center\">259,4<\/td>\n<td align=\"center\">263,8<\/td>\n<\/tr>\n<tr>\n<td align=\"center\">41<\/td>\n<td align=\"center\">262,7<\/td>\n<td align=\"center\">270,4<\/td>\n<\/tr>\n<tr>\n<td align=\"center\">42<\/td>\n<td align=\"center\">266,0<\/td>\n<td align=\"center\">277,0<\/td>\n<\/tr>\n<tr>\n<td align=\"center\">43<\/td>\n<td align=\"center\">269,3<\/td>\n<td align=\"center\">283,6<\/td>\n<\/tr>\n<tr>\n<td align=\"center\">44<\/td>\n<td align=\"center\">272,6<\/td>\n<td align=\"center\">290,2<\/td>\n<\/tr>\n<tr>\n<td align=\"center\">45<\/td>\n<td align=\"center\">275,9<\/td>\n<td align=\"center\">296,8<\/td>\n<\/tr>\n<tr>\n<td align=\"center\">46<\/td>\n<td align=\"center\">279,2<\/td>\n<td align=\"center\">303,4<\/td>\n<\/tr>\n<\/tbody>\n<\/table>\n","protected":false},"excerpt":{"rendered":"<p>&#8211; Bottines pour hommes, avec lacets faciles \u00e0 enfiler, id\u00e9ales pour affronter l&rsquo;hiver avec un maximum de confort. Fabriqu\u00e9es en cuir d&rsquo;agneau 100% naturel, tr\u00e8s souple et respirant, elles s&rsquo;adaptent parfaitement au pied sans l&rsquo;oppresser. Id\u00e9ale pour les diab\u00e9tiques ou les personnes aux pieds d\u00e9licats&#8230;.<\/p>\n","protected":false},"featured_media":23877,"comment_status":"open","ping_status":"closed","template":"","meta":{"wds_primary_product_brand":0,"wds_primary_product_cat":487},"product_brand":[577],"product_cat":[487,512],"product_tag":[513,514,491,489,516,506,493,507,495,490,492],"class_list":{"0":"post-23869","1":"product","2":"type-product","3":"status-publish","4":"has-post-thumbnail","6":"product_brand-pie-diabetico-pinosos","7":"product_cat-des-chaussure-pour-lui","8":"product_cat-largeur-speciale-pied-sensible-homme","9":"product_tag-bottine","10":"product_tag-extra-large","11":"product_tag-lacets","12":"product_tag-leger","13":"product_tag-pied-diabetique","14":"product_tag-pieds-sensibles","15":"product_tag-respirante","16":"product_tag-sans-coutures-interieures","17":"product_tag-semelle-exterieure-antiderapante","18":"product_tag-semelle-interieure-amovible","19":"product_tag-souple","20":"pa_ancho-h-fr","21":"pa_cierre-lacet","22":"pa_color-noir","23":"pa_talla-hombre-39-fr","24":"pa_talla-hombre-40-fr","25":"pa_talla-hombre-41-fr","26":"pa_talla-hombre-42-fr","27":"pa_talla-hombre-43-fr","28":"pa_talla-hombre-44-fr","29":"pa_talla-hombre-45-fr","30":"pa_talla-hombre-46-fr","32":"first","33":"instock","34":"shipping-taxable","35":"purchasable","36":"product-type-variable","37":"wvs-archive-product-wrapper"},"_links":{"self":[{"href":"https:\/\/pinosos.es\/fr\/wp-json\/wp\/v2\/product\/23869","targetHints":{"allow":["GET"]}}],"collection":[{"href":"https:\/\/pinosos.es\/fr\/wp-json\/wp\/v2\/product"}],"about":[{"href":"https:\/\/pinosos.es\/fr\/wp-json\/wp\/v2\/types\/product"}],"replies":[{"embeddable":true,"href":"https:\/\/pinosos.es\/fr\/wp-json\/wp\/v2\/comments?post=23869"}],"wp:featuredmedia":[{"embeddable":true,"href":"https:\/\/pinosos.es\/fr\/wp-json\/wp\/v2\/media\/23877"}],"wp:attachment":[{"href":"https:\/\/pinosos.es\/fr\/wp-json\/wp\/v2\/media?parent=23869"}],"wp:term":[{"taxonomy":"product_brand","embeddable":true,"href":"https:\/\/pinosos.es\/fr\/wp-json\/wp\/v2\/product_brand?post=23869"},{"taxonomy":"product_cat","embeddable":true,"href":"https:\/\/pinosos.es\/fr\/wp-json\/wp\/v2\/product_cat?post=23869"},{"taxonomy":"product_tag","embeddable":true,"href":"https:\/\/pinosos.es\/fr\/wp-json\/wp\/v2\/product_tag?post=23869"}],"curies":[{"name":"wp","href":"https:\/\/api.w.org\/{rel}","templated":true}]}}