{"id":24088,"date":"2021-04-22T13:38:46","date_gmt":"2021-04-22T11:38:46","guid":{"rendered":"https:\/\/pinosos.es\/tienda\/non%20class\u00e9\/basket-7670-h-g\/"},"modified":"2025-07-07T12:40:01","modified_gmt":"2025-07-07T10:40:01","slug":"basket-7670-h-g","status":"publish","type":"product","link":"https:\/\/pinosos.es\/fr\/boutique\/basket-7670-h-g\/","title":{"rendered":"Basket 7670-H-G"},"content":{"rendered":"<p><strong>**DISPONIBLE EN DEUX LARGESURS<\/strong> : Largeur G et Largeur H (vous pouvez v\u00e9rifier votre taille sur le tableau des tailles ci-dessous).<\/p>\n<p>&#8211; Baskets d\u00e9contract\u00e9es avec deux bandes velcro sur le cou-de-pied pour un meilleur maintien. Fabriqu\u00e9e en cuir d&rsquo;agneau souple de premi\u00e8re qualit\u00e9, mouss\u00e9e pour un grand confort et une adaptabilit\u00e9 maximale au pied sans le comprimer. Id\u00e9ale pour les diab\u00e9tiques ou les personnes aux pieds d\u00e9licats.<\/p>\n<p>&#8211; Doublure en fibre synth\u00e9tique, mieux connue sous le nom de Coolmax, qui offre une grande r\u00e9sistance \u00e0 l&rsquo;humidit\u00e9, aidant \u00e0 garder le pied frais, sec et confortable. Fabriqu\u00e9e sans coutures \u00e0 l&rsquo;int\u00e9rieur pour \u00e9viter les frottements ou l&rsquo;\u00e9rosion sur les pieds sensibles.<\/p>\n<p>&#8211; Semelle int\u00e9rieure amovible en viscolatex de 6 mm qui compense et r\u00e9partit les charges de pression sur la plante des pieds, en absorbant une grande partie de l&rsquo;\u00e9nergie re\u00e7ue \u00e0 chaque pas, en amortissant l&rsquo;impact et en \u00e9liminant la fatigue articulaire.<\/p>\n<p>&#8211; Semelle l\u00e9g\u00e8re et isolante avec une bonne absorption des chocs, antid\u00e9rapante, durable, inalt\u00e9rable et tr\u00e8s r\u00e9sistante \u00e0 la d\u00e9chirure. Hauteur de la semelle 3,5 cm.<\/p>\n<p>&#8211; <strong>Forme large (G) et\u00a0 extra-large (H),<\/strong> id\u00e9ale pour les pieds sensibles avec oignons, d\u00e9formations, mauvaise circulation. Possibilit\u00e9 d&rsquo;inclure des semelles anatomiques et\/ou orthop\u00e9diques.<\/p>\n<p>&nbsp;<\/p>\n<p><strong>MESURES DE LARGEUR ET DE LONGUEUR PAR POINTURE<\/strong><\/p>\n<table>\n<thead>\n<tr>\n<th align=\"center\">Pointure<\/th>\n<th align=\"center\">Largeur G (mm)<\/th>\n<th align=\"center\">Largeur H (mm)<\/th>\n<th align=\"center\">Longueur (mm)<\/th>\n<\/tr>\n<\/thead>\n<tbody>\n<tr>\n<td align=\"center\">35<\/td>\n<td align=\"center\">226,4<\/td>\n<td align=\"center\">238,4<\/td>\n<td align=\"center\">233,8<\/td>\n<\/tr>\n<tr>\n<td align=\"center\">36<\/td>\n<td align=\"center\">229,7<\/td>\n<td align=\"center\">241,7<\/td>\n<td align=\"center\">240,4<\/td>\n<\/tr>\n<tr>\n<td align=\"center\">37<\/td>\n<td align=\"center\">233,0<\/td>\n<td align=\"center\">245,0<\/td>\n<td align=\"center\">247,0<\/td>\n<\/tr>\n<tr>\n<td align=\"center\">38<\/td>\n<td align=\"center\">236,3<\/td>\n<td align=\"center\">248,3<\/td>\n<td align=\"center\">253,6<\/td>\n<\/tr>\n<tr>\n<td align=\"center\">39<\/td>\n<td align=\"center\">239,6<\/td>\n<td align=\"center\">251,6<\/td>\n<td align=\"center\">260,2<\/td>\n<\/tr>\n<tr>\n<td align=\"center\">40<\/td>\n<td align=\"center\">242,9<\/td>\n<td align=\"center\">254,9<\/td>\n<td align=\"center\">266,8<\/td>\n<\/tr>\n<tr>\n<td align=\"center\">41<\/td>\n<td align=\"center\">246,2<\/td>\n<td align=\"center\">258,2<\/td>\n<td align=\"center\">273,4<\/td>\n<\/tr>\n<tr>\n<td align=\"center\">42<\/td>\n<td align=\"center\">249,5<\/td>\n<td align=\"center\">261,5<\/td>\n<td align=\"center\">280,0<\/td>\n<\/tr>\n<\/tbody>\n<\/table>\n","protected":false},"excerpt":{"rendered":"<p>**DISPONIBLE EN DEUX LARGESURS : Largeur G et Largeur H (vous pouvez v\u00e9rifier votre taille sur le tableau des tailles ci-dessous). &#8211; Baskets d\u00e9contract\u00e9es avec deux bandes velcro sur le cou-de-pied pour un meilleur maintien. Fabriqu\u00e9e en cuir d&rsquo;agneau souple de premi\u00e8re qualit\u00e9, mouss\u00e9e pour&#8230;<\/p>\n","protected":false},"featured_media":24087,"comment_status":"open","ping_status":"closed","template":"","meta":{"wds_primary_product_brand":0,"wds_primary_product_cat":313},"product_brand":[576,577],"product_cat":[313,527],"product_tag":[531,514,515,489,516,506,493,507,495,490,492],"class_list":{"0":"post-24088","1":"product","2":"type-product","3":"status-publish","4":"has-post-thumbnail","6":"product_brand-comode-by-pinosos","7":"product_brand-pie-diabetico-pinosos","8":"product_cat-chaussures-confortables-femmes","9":"product_cat-largeur-speciale-pied-sensible-femme","10":"product_tag-baskets","11":"product_tag-extra-large","12":"product_tag-fermeture-velcro","13":"product_tag-leger","14":"product_tag-pied-diabetique","15":"product_tag-pieds-sensibles","16":"product_tag-respirante","17":"product_tag-sans-coutures-interieures","18":"product_tag-semelle-exterieure-antiderapante","19":"product_tag-semelle-interieure-amovible","20":"product_tag-souple","21":"pa_ancho-g-fr","22":"pa_ancho-h-fr","23":"pa_cierre-velcro-fr","24":"pa_color-noir","25":"pa_talla-mujer-35-fr","26":"pa_talla-mujer-36-fr","27":"pa_talla-mujer-37-fr","28":"pa_talla-mujer-38-fr","29":"pa_talla-mujer-39-fr","30":"pa_talla-mujer-40-fr","31":"pa_talla-mujer-41-fr","32":"pa_talla-mujer-42-fr","34":"first","35":"instock","36":"shipping-taxable","37":"purchasable","38":"product-type-variable","39":"wvs-archive-product-wrapper"},"_links":{"self":[{"href":"https:\/\/pinosos.es\/fr\/wp-json\/wp\/v2\/product\/24088","targetHints":{"allow":["GET"]}}],"collection":[{"href":"https:\/\/pinosos.es\/fr\/wp-json\/wp\/v2\/product"}],"about":[{"href":"https:\/\/pinosos.es\/fr\/wp-json\/wp\/v2\/types\/product"}],"replies":[{"embeddable":true,"href":"https:\/\/pinosos.es\/fr\/wp-json\/wp\/v2\/comments?post=24088"}],"wp:featuredmedia":[{"embeddable":true,"href":"https:\/\/pinosos.es\/fr\/wp-json\/wp\/v2\/media\/24087"}],"wp:attachment":[{"href":"https:\/\/pinosos.es\/fr\/wp-json\/wp\/v2\/media?parent=24088"}],"wp:term":[{"taxonomy":"product_brand","embeddable":true,"href":"https:\/\/pinosos.es\/fr\/wp-json\/wp\/v2\/product_brand?post=24088"},{"taxonomy":"product_cat","embeddable":true,"href":"https:\/\/pinosos.es\/fr\/wp-json\/wp\/v2\/product_cat?post=24088"},{"taxonomy":"product_tag","embeddable":true,"href":"https:\/\/pinosos.es\/fr\/wp-json\/wp\/v2\/product_tag?post=24088"}],"curies":[{"name":"wp","href":"https:\/\/api.w.org\/{rel}","templated":true}]}}