{"id":24117,"date":"2021-04-22T13:38:15","date_gmt":"2021-04-22T11:38:15","guid":{"rendered":"https:\/\/pinosos.es\/tienda\/non%20class\u00e9\/chaussures-oxford-a-velcro-7238-h\/"},"modified":"2024-12-26T10:17:49","modified_gmt":"2024-12-26T09:17:49","slug":"chaussures-oxford-a-velcro-7238-h","status":"publish","type":"product","link":"https:\/\/pinosos.es\/fr\/boutique\/chaussures-oxford-a-velcro-7238-h\/","title":{"rendered":"Chaussures Oxford \u00e0 velcro 7238-H"},"content":{"rendered":"<p>&#8211; Chaussure d\u00e9contract\u00e9e avec bande velcro. Fabriqu\u00e9es en cuir d&rsquo;agneau souple de premi\u00e8re qualit\u00e9, mouss\u00e9es pour un grand confort et une adaptabilit\u00e9 maximale au pied sans l&rsquo;oppresser. Id\u00e9ale pour les diab\u00e9tiques ou les personnes aux pieds d\u00e9licats.<\/p>\n<p>&#8211; Doublure en fibre synth\u00e9tique, plus connue sous le nom de Coolmax, qui offre une grande r\u00e9sistance \u00e0 l&rsquo;humidit\u00e9, aidant \u00e0 garder le pied frais, sec et confortable. Elle est \u00e9galement fabriqu\u00e9e sans coutures pour \u00e9viter les frottements.<\/p>\n<p>&#8211; Semelle int\u00e9rieure amovible en viscolatex de 5 mm qui compense et r\u00e9partit les charges de pression sur la plante des pieds, en absorbant une grande partie de l&rsquo;\u00e9nergie re\u00e7ue \u00e0 chaque pas, en amortissant l&rsquo;impact et en \u00e9liminant la fatigue articulaire.<\/p>\n<p>&#8211; Semelle EVA l\u00e9g\u00e8re et isolante, avec une bonne absorption des chocs, antid\u00e9rapante, durable, inalt\u00e9rable et tr\u00e8s r\u00e9sistante \u00e0 la d\u00e9chirure. Hauteur de la semelle 3 cm.<\/p>\n<p>&#8211; Forme extra-large id\u00e9ale pour les pieds sensibles avec oignons, d\u00e9formations, mauvaise circulation. Possibilit\u00e9 d&rsquo;inclure des semelles anatomiques et\/ou orthop\u00e9diques.<\/p>\n","protected":false},"excerpt":{"rendered":"<p>&#8211; Chaussure d\u00e9contract\u00e9e avec bande velcro. Fabriqu\u00e9es en cuir d&rsquo;agneau souple de premi\u00e8re qualit\u00e9, mouss\u00e9es pour un grand confort et une adaptabilit\u00e9 maximale au pied sans l&rsquo;oppresser. Id\u00e9ale pour les diab\u00e9tiques ou les personnes aux pieds d\u00e9licats. &#8211; Doublure en fibre synth\u00e9tique, plus connue sous&#8230;<\/p>\n","protected":false},"featured_media":24115,"comment_status":"open","ping_status":"closed","template":"","meta":{"wds_primary_product_brand":0,"wds_primary_product_cat":313},"product_brand":[],"product_cat":[313,527],"product_tag":[532,514,515,489,516,506,493,507,495,490,492],"class_list":{"0":"post-24117","1":"product","2":"type-product","3":"status-publish","4":"has-post-thumbnail","6":"product_cat-chaussures-confortables-femmes","7":"product_cat-largeur-speciale-pied-sensible-femme","8":"product_tag-chaussures-oxford","9":"product_tag-extra-large","10":"product_tag-fermeture-velcro","11":"product_tag-leger","12":"product_tag-pied-diabetique","13":"product_tag-pieds-sensibles","14":"product_tag-respirante","15":"product_tag-sans-coutures-interieures","16":"product_tag-semelle-exterieure-antiderapante","17":"product_tag-semelle-interieure-amovible","18":"product_tag-souple","19":"pa_ancho-h-fr","20":"pa_cierre-velcro-fr","21":"pa_color-marron-fonce-fr","22":"pa_color-noir","23":"pa_talla-mujer-35-fr","24":"pa_talla-mujer-36-fr","25":"pa_talla-mujer-37-fr","26":"pa_talla-mujer-38-fr","27":"pa_talla-mujer-39-fr","28":"pa_talla-mujer-40-fr","29":"pa_talla-mujer-41-fr","30":"pa_talla-mujer-42-fr","32":"first","33":"instock","34":"shipping-taxable","35":"purchasable","36":"product-type-variable","37":"wvs-archive-product-wrapper"},"_links":{"self":[{"href":"https:\/\/pinosos.es\/fr\/wp-json\/wp\/v2\/product\/24117","targetHints":{"allow":["GET"]}}],"collection":[{"href":"https:\/\/pinosos.es\/fr\/wp-json\/wp\/v2\/product"}],"about":[{"href":"https:\/\/pinosos.es\/fr\/wp-json\/wp\/v2\/types\/product"}],"replies":[{"embeddable":true,"href":"https:\/\/pinosos.es\/fr\/wp-json\/wp\/v2\/comments?post=24117"}],"wp:featuredmedia":[{"embeddable":true,"href":"https:\/\/pinosos.es\/fr\/wp-json\/wp\/v2\/media\/24115"}],"wp:attachment":[{"href":"https:\/\/pinosos.es\/fr\/wp-json\/wp\/v2\/media?parent=24117"}],"wp:term":[{"taxonomy":"product_brand","embeddable":true,"href":"https:\/\/pinosos.es\/fr\/wp-json\/wp\/v2\/product_brand?post=24117"},{"taxonomy":"product_cat","embeddable":true,"href":"https:\/\/pinosos.es\/fr\/wp-json\/wp\/v2\/product_cat?post=24117"},{"taxonomy":"product_tag","embeddable":true,"href":"https:\/\/pinosos.es\/fr\/wp-json\/wp\/v2\/product_tag?post=24117"}],"curies":[{"name":"wp","href":"https:\/\/api.w.org\/{rel}","templated":true}]}}