{"id":24368,"date":"2021-04-22T13:38:47","date_gmt":"2021-04-22T11:38:47","guid":{"rendered":"https:\/\/pinosos.es\/tienda\/non class\u00e9\/chaussures-a-velcro-5962-h\/"},"modified":"2021-04-22T13:38:47","modified_gmt":"2021-04-22T11:38:47","slug":"chaussures-a-velcro-5962-h","status":"publish","type":"product","link":"https:\/\/pinosos.es\/fr\/boutique\/chaussures-a-velcro-5962-h\/","title":{"rendered":"Chaussures \u00e0 velcro 5962-H"},"content":{"rendered":"<p>&#8211; Chaussure pour femme avec fermeture velcro, fabriqu\u00e9e \u00e0 la main de type kiowa, tr\u00e8s confortable, en cuir naturel de la plus haute qualit\u00e9. D&rsquo;une grande souplesse et l\u00e9g\u00e8ret\u00e9 pour une plus grande adaptabilit\u00e9 au pied.<\/p>\n<p>&#8211; Doublure en microfibre avec ventilation totale car elle permet \u00e0 l&rsquo;air de circuler puisqu&rsquo;elle est 100% respirante.<\/p>\n<p>&#8211; Semelle int\u00e9rieure en viscolatex de 8 mm, qui compense et r\u00e9partit les charges de pression sur la plante des pieds, en absorbant une grande partie de l&rsquo;\u00e9nergie re\u00e7ue \u00e0 chaque pas, en amortissant l&rsquo;impact et en \u00e9liminant la fatigue articulaire.<\/p>\n<p>&#8211; Semelle Microtech avec talon de 4 cm pour une grande durabilit\u00e9 et r\u00e9sistance \u00e0 l&rsquo;usure.<\/p>\n<p>&#8211; Forme extra-large pour que le pied ne se sente pas \u00e0 l&rsquo;\u00e9troit, ce qui permet d&rsquo;\u00e9viter les probl\u00e8mes de pied les plus courants. Possibilit\u00e9 d&rsquo;inclure des semelles anatomiques et\/ou orthop\u00e9diques.<\/p>\n","protected":false},"excerpt":{"rendered":"<p>&#8211; Chaussure pour femme avec fermeture velcro, fabriqu\u00e9e \u00e0 la main de type kiowa, tr\u00e8s confortable, en cuir naturel de la plus haute qualit\u00e9. D&rsquo;une grande souplesse et l\u00e9g\u00e8ret\u00e9 pour une plus grande adaptabilit\u00e9 au pied. &#8211; Doublure en microfibre avec ventilation totale car elle&#8230;<\/p>\n","protected":false},"featured_media":24367,"comment_status":"open","ping_status":"closed","template":"","meta":{"wds_primary_product_brand":0,"wds_primary_product_cat":313},"product_brand":[],"product_cat":[313,522,523],"product_tag":[494,500,514,515,489,516,506,493,507,495,490,492],"class_list":{"0":"post-24368","1":"product","2":"type-product","3":"status-publish","4":"has-post-thumbnail","6":"product_cat-chaussures-confortables-femmes","7":"product_cat-outlet-femme","8":"product_cat-soldes","9":"product_tag-chaussures-a-lacets","10":"product_tag-cousu-main","11":"product_tag-extra-large","12":"product_tag-fermeture-velcro","13":"product_tag-leger","14":"product_tag-pied-diabetique","15":"product_tag-pieds-sensibles","16":"product_tag-respirante","17":"product_tag-sans-coutures-interieures","18":"product_tag-semelle-exterieure-antiderapante","19":"product_tag-semelle-interieure-amovible","20":"product_tag-souple","21":"pa_ancho-h-fr","22":"pa_cierre-velcro-fr","23":"pa_color-moritz-fr","24":"pa_talla-mujer-35-fr","25":"pa_talla-mujer-36-fr","26":"pa_talla-mujer-37-fr","27":"pa_talla-mujer-38-fr","28":"pa_talla-mujer-39-fr","29":"pa_talla-mujer-40-fr","30":"pa_talla-mujer-41-fr","31":"pa_talla-mujer-42-fr","33":"first","34":"instock","35":"sale","36":"shipping-taxable","37":"purchasable","38":"product-type-variable","39":"wvs-archive-product-wrapper"},"_links":{"self":[{"href":"https:\/\/pinosos.es\/fr\/wp-json\/wp\/v2\/product\/24368","targetHints":{"allow":["GET"]}}],"collection":[{"href":"https:\/\/pinosos.es\/fr\/wp-json\/wp\/v2\/product"}],"about":[{"href":"https:\/\/pinosos.es\/fr\/wp-json\/wp\/v2\/types\/product"}],"replies":[{"embeddable":true,"href":"https:\/\/pinosos.es\/fr\/wp-json\/wp\/v2\/comments?post=24368"}],"wp:featuredmedia":[{"embeddable":true,"href":"https:\/\/pinosos.es\/fr\/wp-json\/wp\/v2\/media\/24367"}],"wp:attachment":[{"href":"https:\/\/pinosos.es\/fr\/wp-json\/wp\/v2\/media?parent=24368"}],"wp:term":[{"taxonomy":"product_brand","embeddable":true,"href":"https:\/\/pinosos.es\/fr\/wp-json\/wp\/v2\/product_brand?post=24368"},{"taxonomy":"product_cat","embeddable":true,"href":"https:\/\/pinosos.es\/fr\/wp-json\/wp\/v2\/product_cat?post=24368"},{"taxonomy":"product_tag","embeddable":true,"href":"https:\/\/pinosos.es\/fr\/wp-json\/wp\/v2\/product_tag?post=24368"}],"curies":[{"name":"wp","href":"https:\/\/api.w.org\/{rel}","templated":true}]}}