{"id":24463,"date":"2021-04-22T13:38:15","date_gmt":"2021-04-22T11:38:15","guid":{"rendered":"https:\/\/pinosos.es\/tienda\/non class\u00e9\/chaussures-oxford-a-velcro-7503-h-cafe\/"},"modified":"2021-04-22T13:38:15","modified_gmt":"2021-04-22T11:38:15","slug":"chaussures-oxford-a-velcro-7503-h-cafe","status":"publish","type":"product","link":"https:\/\/pinosos.es\/fr\/boutique\/chaussures-oxford-a-velcro-7503-h-cafe\/","title":{"rendered":"Chaussures Oxford \u00e0 velcro 7503-H Caf\u00e9"},"content":{"rendered":"<p>&#8211; Chaussure d\u00e9contract\u00e9e ultra-l\u00e9g\u00e8re avec bande velcro. Fabriqu\u00e9e \u00e0 partir de la combinaison de deux mat\u00e9riaux, le cou-de-pied et le talon sont en peau d&rsquo;agneau souple de premi\u00e8re qualit\u00e9, mouss\u00e9e pour un meilleur soutien du pied, et les c\u00f4t\u00e9s sont en mat\u00e9riau \u00e9lastique pour une plus grande flexibilit\u00e9 et une meilleure adaptation aux mouvements du pied. Id\u00e9ale pour les diab\u00e9tiques ou les personnes aux pieds d\u00e9licats.<\/p>\n<p>&#8211; L&rsquo;int\u00e9rieur de la chaussure est compos\u00e9 de deux types de doublure. L&rsquo;arri\u00e8re de la chaussure est compos\u00e9 d&rsquo;une doublure technologique en microfibre 100% respirante qui garde le pied au sec. L&rsquo;avant de la chaussure est compos\u00e9 d&rsquo;un mat\u00e9riau \u00e9lastique qui permet de ne pas serrer le pied. De plus, elle est sans coutures pour \u00e9viter les frottements.<\/p>\n<p>&#8211; Semelle int\u00e9rieure amovible en viscolatex de 5 mm, qui compense et r\u00e9partit les charges de pression sur la plante des pieds, en absorbant une grande partie de l&rsquo;\u00e9nergie re\u00e7ue \u00e0 chaque pas, en amortissant l&rsquo;impact et en \u00e9liminant la fatigue articulaire.<\/p>\n<p>&#8211; Semelle l\u00e9g\u00e8re et isolante avec une bonne absorption des chocs, antid\u00e9rapante, durable, inalt\u00e9rable et tr\u00e8s r\u00e9sistante \u00e0 la d\u00e9chirure. Hauteur de la semelle 3 cm.<\/p>\n<p>&#8211; Forme extra-large id\u00e9ale pour les pieds sensibles avec oignons, d\u00e9formations, mauvaise circulation. Possibilit\u00e9 d&rsquo;inclure des semelles anatomiques et\/ou orthop\u00e9diques.<\/p>\n","protected":false},"excerpt":{"rendered":"<p>&#8211; Chaussure d\u00e9contract\u00e9e ultra-l\u00e9g\u00e8re avec bande velcro. Fabriqu\u00e9e \u00e0 partir de la combinaison de deux mat\u00e9riaux, le cou-de-pied et le talon sont en peau d&rsquo;agneau souple de premi\u00e8re qualit\u00e9, mouss\u00e9e pour un meilleur soutien du pied, et les c\u00f4t\u00e9s sont en mat\u00e9riau \u00e9lastique pour une&#8230;<\/p>\n","protected":false},"featured_media":24462,"comment_status":"open","ping_status":"closed","template":"","meta":{"wds_primary_product_brand":0,"wds_primary_product_cat":313},"product_brand":[],"product_cat":[313,522,523],"product_tag":[532,514,515,489,516,506,493,495,490,492],"class_list":{"0":"post-24463","1":"product","2":"type-product","3":"status-publish","4":"has-post-thumbnail","6":"product_cat-chaussures-confortables-femmes","7":"product_cat-outlet-femme","8":"product_cat-soldes","9":"product_tag-chaussures-oxford","10":"product_tag-extra-large","11":"product_tag-fermeture-velcro","12":"product_tag-leger","13":"product_tag-pied-diabetique","14":"product_tag-pieds-sensibles","15":"product_tag-respirante","16":"product_tag-semelle-exterieure-antiderapante","17":"product_tag-semelle-interieure-amovible","18":"product_tag-souple","19":"pa_ancho-h-fr","20":"pa_cierre-velcro-fr","21":"pa_color-cafe-fr","22":"pa_color-noir","23":"pa_talla-mujer-36-fr","24":"pa_talla-mujer-38-fr","25":"pa_talla-mujer-39-fr","26":"pa_talla-mujer-40-fr","27":"pa_talla-mujer-41-fr","28":"pa_talla-mujer-42-fr","30":"first","31":"instock","32":"sale","33":"shipping-taxable","34":"purchasable","35":"product-type-variable","36":"has-default-attributes","37":"wvs-archive-product-wrapper"},"_links":{"self":[{"href":"https:\/\/pinosos.es\/fr\/wp-json\/wp\/v2\/product\/24463","targetHints":{"allow":["GET"]}}],"collection":[{"href":"https:\/\/pinosos.es\/fr\/wp-json\/wp\/v2\/product"}],"about":[{"href":"https:\/\/pinosos.es\/fr\/wp-json\/wp\/v2\/types\/product"}],"replies":[{"embeddable":true,"href":"https:\/\/pinosos.es\/fr\/wp-json\/wp\/v2\/comments?post=24463"}],"wp:featuredmedia":[{"embeddable":true,"href":"https:\/\/pinosos.es\/fr\/wp-json\/wp\/v2\/media\/24462"}],"wp:attachment":[{"href":"https:\/\/pinosos.es\/fr\/wp-json\/wp\/v2\/media?parent=24463"}],"wp:term":[{"taxonomy":"product_brand","embeddable":true,"href":"https:\/\/pinosos.es\/fr\/wp-json\/wp\/v2\/product_brand?post=24463"},{"taxonomy":"product_cat","embeddable":true,"href":"https:\/\/pinosos.es\/fr\/wp-json\/wp\/v2\/product_cat?post=24463"},{"taxonomy":"product_tag","embeddable":true,"href":"https:\/\/pinosos.es\/fr\/wp-json\/wp\/v2\/product_tag?post=24463"}],"curies":[{"name":"wp","href":"https:\/\/api.w.org\/{rel}","templated":true}]}}