{"id":26655,"date":"2024-12-16T10:48:52","date_gmt":"2024-12-16T09:48:52","guid":{"rendered":"https:\/\/pinosos.es\/tienda\/non%20class\u00e9\/bottine-8098\/"},"modified":"2024-12-27T09:19:09","modified_gmt":"2024-12-27T08:19:09","slug":"bottine-8098","status":"publish","type":"product","link":"https:\/\/pinosos.es\/fr\/boutique\/bottine-8098\/","title":{"rendered":"Bottine 8098"},"content":{"rendered":"<p>&#8211; Bottines pour hommes avec lacets qui assurent un meilleur maintien du pied. Fabriqu\u00e9es en <strong>cuir bovin 100 % naturel, tr\u00e8s souple et respirant<\/strong>, elles s&rsquo;adaptent parfaitement au pied sans l&rsquo;oppresser.<\/p>\n<p>&#8211; Doublure en microfibre avec <strong>ventilation totale<\/strong> et propri\u00e9t\u00e9s sup\u00e9rieures \u00e0 celles du cuir (absorbantes) pour garder le <strong>pied sec, ventil\u00e9 et confortable<\/strong>.<\/p>\n<p>&#8211; <strong>Pas de coutures int\u00e9rieures<\/strong> pour \u00e9viter les frottements ou l&rsquo;\u00e9rosion sur les pieds sensibles.<\/p>\n<p>&#8211; <strong>Semelle int\u00e9rieure amovible<\/strong>, qui <strong>garde les pieds au sec<\/strong> en \u00e9vacuant l&rsquo;humidit\u00e9 gr\u00e2ce \u00e0 un syst\u00e8me d&rsquo;absorption sup\u00e9rieur \u00e0 la peau.<\/p>\n<p>&#8211; Semelle isolante avec une bonne absorption des chocs,<strong> antid\u00e9rapante, durable<\/strong>, non d\u00e9color\u00e9e et tr\u00e8s r\u00e9sistante \u00e0 la d\u00e9chirure. Hauteur de la semelle 3 cm.<\/p>\n<p>&#8211; <strong>Forme standard.<\/strong><\/p>\n","protected":false},"excerpt":{"rendered":"<p>&#8211; Bottines pour hommes avec lacets qui assurent un meilleur maintien du pied. Fabriqu\u00e9es en cuir bovin 100 % naturel, tr\u00e8s souple et respirant, elles s&rsquo;adaptent parfaitement au pied sans l&rsquo;oppresser. &#8211; Doublure en microfibre avec ventilation totale et propri\u00e9t\u00e9s sup\u00e9rieures \u00e0 celles du cuir&#8230;<\/p>\n","protected":false},"featured_media":26648,"comment_status":"open","ping_status":"closed","template":"","meta":{"wds_primary_product_brand":0,"wds_primary_product_cat":542},"product_brand":[],"product_cat":[487,542,523],"product_tag":[513,491,489,493,507,495,490,492],"class_list":{"0":"post-26655","1":"product","2":"type-product","3":"status-publish","4":"has-post-thumbnail","6":"product_cat-des-chaussure-pour-lui","7":"product_cat-dernieres-tailles-homme","8":"product_cat-soldes","9":"product_tag-bottine","10":"product_tag-lacets","11":"product_tag-leger","12":"product_tag-respirante","13":"product_tag-sans-coutures-interieures","14":"product_tag-semelle-exterieure-antiderapante","15":"product_tag-semelle-interieure-amovible","16":"product_tag-souple","17":"pa_cierre-lacet","18":"pa_color-marron-fr","19":"pa_talla-hombre-42-fr","21":"first","22":"instock","23":"sale","24":"shipping-taxable","25":"purchasable","26":"product-type-variable","27":"has-default-attributes","28":"wvs-archive-product-wrapper"},"_links":{"self":[{"href":"https:\/\/pinosos.es\/fr\/wp-json\/wp\/v2\/product\/26655","targetHints":{"allow":["GET"]}}],"collection":[{"href":"https:\/\/pinosos.es\/fr\/wp-json\/wp\/v2\/product"}],"about":[{"href":"https:\/\/pinosos.es\/fr\/wp-json\/wp\/v2\/types\/product"}],"replies":[{"embeddable":true,"href":"https:\/\/pinosos.es\/fr\/wp-json\/wp\/v2\/comments?post=26655"}],"wp:featuredmedia":[{"embeddable":true,"href":"https:\/\/pinosos.es\/fr\/wp-json\/wp\/v2\/media\/26648"}],"wp:attachment":[{"href":"https:\/\/pinosos.es\/fr\/wp-json\/wp\/v2\/media?parent=26655"}],"wp:term":[{"taxonomy":"product_brand","embeddable":true,"href":"https:\/\/pinosos.es\/fr\/wp-json\/wp\/v2\/product_brand?post=26655"},{"taxonomy":"product_cat","embeddable":true,"href":"https:\/\/pinosos.es\/fr\/wp-json\/wp\/v2\/product_cat?post=26655"},{"taxonomy":"product_tag","embeddable":true,"href":"https:\/\/pinosos.es\/fr\/wp-json\/wp\/v2\/product_tag?post=26655"}],"curies":[{"name":"wp","href":"https:\/\/api.w.org\/{rel}","templated":true}]}}