{"id":36237,"date":"2025-10-23T08:32:00","date_gmt":"2025-10-23T06:32:00","guid":{"rendered":"https:\/\/pinosos.es\/?post_type=product&#038;p=36237"},"modified":"2025-10-23T10:12:21","modified_gmt":"2025-10-23T08:12:21","slug":"ballerines-8421-chaussure-confortable","status":"publish","type":"product","link":"https:\/\/pinosos.es\/fr\/boutique\/ballerines-8421-chaussure-confortable\/","title":{"rendered":"Ballerines 8421 &#8211; Chaussure confortable"},"content":{"rendered":"<p data-start=\"0\" data-end=\"489\">Les <strong>Ballerines 8421<\/strong> allient un style classique \u00e0 des avanc\u00e9es techniques ax\u00e9es sur le confort au quotidien. Confectionn\u00e9es en cuir d&rsquo;agneau \u00e0 grain souple et dans un tissu flexible qui s&rsquo;adapte \u00e0 l&#8217;empeigne, elles offrent un ajustement qui r\u00e9duit les points de pression et s&rsquo;adapte aux petites variations anatomiques. La fermeture velcro facilite l&rsquo;enfilage et permet de r\u00e9gler rapidement la fixation, ce qui les rend id\u00e9ales pour les personnes qui recherchent un ajustement s\u00fbr sans perdre en confort ni en temps lors de l&rsquo;enfilage.<\/p>\n<p data-start=\"491\" data-end=\"1182\">La semelle int\u00e9rieure visco\u00e9lastique de 5 mm, en plus d&rsquo;\u00eatre amovible, int\u00e8gre une capacit\u00e9 d&rsquo;absorption des chocs qui r\u00e9duit la fatigue des articulations et procure une sensation d&rsquo;amorti constant tout au long de la journ\u00e9e. Si vous avez besoin d&rsquo;un soutien personnalis\u00e9, la semelle int\u00e9rieure peut \u00eatre retir\u00e9e pour ins\u00e9rer une semelle orthop\u00e9dique sur mesure. La doublure int\u00e9rieure Tricot am\u00e9liore la respirabilit\u00e9 et la sensation de douceur \u00e0 l&rsquo;int\u00e9rieur de la chaussure, gardant le pied plus frais et r\u00e9duisant les frottements. La semelle, l\u00e9g\u00e8re et antid\u00e9rapante, apporte stabilit\u00e9 et adh\u00e9rence sur les surfaces courantes telles que les sols polis ou humides, ce qui augmente la s\u00e9curit\u00e9 au travail et dans la vie quotidienne.<\/p>\n<p data-start=\"1184\" data-end=\"1534\">Con\u00e7ues pour les longues journ\u00e9es debout, ces chaussures \u00e0 bride sont un excellent choix pour les professionnels de l&rsquo;h\u00f4tellerie, le personnel de sant\u00e9 ou toute personne ayant les pieds sensibles et ayant besoin de chaussures confortables et r\u00e9sistantes.<\/p>\n<h4>Sp\u00e9cifications:<\/h4>\n<p data-start=\"2694\" data-end=\"2744\"><strong data-start=\"2694\" data-end=\"2703\">&#8211; Type:<\/strong> Mary-Jane &#8211; fermeture velcro<\/p>\n<p data-start=\"2747\" data-end=\"2805\"><strong data-start=\"2747\" data-end=\"2769\">&#8211; Mat\u00e9riau ext\u00e9rieur:<\/strong> cuir d&rsquo;agneau + tissu souple.<\/p>\n<p data-start=\"2808\" data-end=\"2843\"><strong data-start=\"2808\" data-end=\"2818\">&#8211; Doublure:<\/strong> fibre synth\u00e9tique Tricot<\/p>\n<p data-start=\"2846\" data-end=\"2894\"><strong data-start=\"2846\" data-end=\"2860\">&#8211; Semelle int\u00e9rieure:<\/strong> Viscol\u00e1tex 5 mm &#8211; <strong data-start=\"2879\" data-end=\"2892\">amovible<\/strong><\/p>\n<p data-start=\"2897\" data-end=\"2947\"><strong data-start=\"2897\" data-end=\"2907\">&#8211; Semelle:<\/strong> l\u00e9g\u00e8re, souple et <strong>antid\u00e9rapante<\/strong><\/p>\n<p data-start=\"2950\" data-end=\"2986\"><strong data-start=\"2950\" data-end=\"2960\">&#8211; Forme:<\/strong> chaussant standard (normal)<\/p>\n<p data-start=\"2989\" data-end=\"3008\"><strong data-start=\"2989\" data-end=\"3000\">&#8211; Pointures:<\/strong> 35 &#8211; 42<\/p>\n<p data-start=\"3011\" data-end=\"3099\"><strong data-start=\"3011\" data-end=\"3031\">&#8211; Utilisation recommand\u00e9e: <\/strong>usage quotidien, longues journ\u00e9es debout, pieds sensibles, h\u00f4tellerie, etc.<\/p>\n<p>&nbsp;<\/p>\n<h4><strong>Foire aux questions (FAQ):\u00a0<\/strong><\/h4>\n<p data-start=\"3294\" data-end=\"3472\"><strong data-start=\"3294\" data-end=\"3325\">1. Puis-je utiliser mes propres semelles orthop\u00e9diques?<\/strong><br data-start=\"3524\" data-end=\"3527\" \/>Oui. La semelle \u00e9tant amovible, vous pouvez placer votre semelle personnalis\u00e9e \u00e0 condition que l&rsquo;anatomie de la forme le permette.<\/p>\n<p data-start=\"3659\" data-end=\"3871\"><strong data-start=\"3659\" data-end=\"3706\">2. Sont-elles adapt\u00e9es \u00e0 un travail prolong\u00e9 debout?<\/strong><br data-start=\"3706\" data-end=\"3709\" \/>Oui. Elles sont con\u00e7ues pour amortir les chocs et offrir un confort pendant les longues journ\u00e9es de travail, elles conviennent donc aux professionnels qui passent de nombreuses heures debout.<\/p>\n<p data-start=\"3876\" data-end=\"4024\"><strong data-start=\"3876\" data-end=\"3908\">3. La semelle est-elle antid\u00e9rapante?<\/strong><br data-start=\"3908\" data-end=\"3911\" \/>Oui. La semelle offre une bonne adh\u00e9rence et une bonne stabilit\u00e9 sur les surfaces courantes, r\u00e9duisant ainsi le risque de glissade.<\/p>\n<p data-start=\"4029\" data-end=\"4232\"><strong data-start=\"4029\" data-end=\"4069\">4. Comment dois-je nettoyer ces chaussures?<\/strong><br data-start=\"4069\" data-end=\"4072\" \/>Nettoyez le cuir avec un chiffon humide et du savon neutre ; \u00e9vitez de plonger la chaussure dans l&rsquo;eau. La semelle int\u00e9rieure peut \u00eatre retir\u00e9e pour \u00eatre nettoy\u00e9e s\u00e9par\u00e9ment. Ne pas s\u00e9cher au soleil.<\/p>\n","protected":false},"excerpt":{"rendered":"<p>Ballerines en cuir d&rsquo;agneau et tissu souple avec fermeture velcro, semelle int\u00e9rieure visco\u00e9lastique amovible de 5 mm et semelle antid\u00e9rapante ; ajustement s\u00fbr et confort tout au long de la journ\u00e9e.<\/p>\n","protected":false},"featured_media":37172,"comment_status":"open","ping_status":"closed","template":"","meta":{"wds_primary_product_brand":0,"wds_primary_product_cat":0},"product_brand":[571],"product_cat":[517,313],"product_tag":[535,582,518,515,568,489,506,493,495,490,492],"class_list":{"0":"post-36237","1":"product","2":"type-product","3":"status-publish","4":"has-post-thumbnail","6":"product_brand-pinosos","7":"product_cat-chaussures-confortables-femme","8":"product_cat-chaussures-confortables-femmes","9":"product_tag-ballerines","10":"product_tag-chaussure-mary-jane","11":"product_tag-elastique","12":"product_tag-fermeture-velcro","13":"product_tag-forme-de-largeur-standard","14":"product_tag-leger","15":"product_tag-pieds-sensibles","16":"product_tag-respirante","17":"product_tag-semelle-exterieure-antiderapante","18":"product_tag-semelle-interieure-amovible","19":"product_tag-souple","20":"pa_cierre-velcro-fr","21":"pa_color-noir","22":"pa_talla-mujer-35-fr","23":"pa_talla-mujer-36-fr","24":"pa_talla-mujer-37-fr","25":"pa_talla-mujer-38-fr","26":"pa_talla-mujer-39-fr","27":"pa_talla-mujer-40-fr","28":"pa_talla-mujer-41-fr","29":"pa_talla-mujer-42-fr","31":"first","32":"instock","33":"shipping-taxable","34":"purchasable","35":"product-type-variable","36":"has-default-attributes","37":"wvs-archive-product-wrapper"},"_links":{"self":[{"href":"https:\/\/pinosos.es\/fr\/wp-json\/wp\/v2\/product\/36237","targetHints":{"allow":["GET"]}}],"collection":[{"href":"https:\/\/pinosos.es\/fr\/wp-json\/wp\/v2\/product"}],"about":[{"href":"https:\/\/pinosos.es\/fr\/wp-json\/wp\/v2\/types\/product"}],"replies":[{"embeddable":true,"href":"https:\/\/pinosos.es\/fr\/wp-json\/wp\/v2\/comments?post=36237"}],"wp:featuredmedia":[{"embeddable":true,"href":"https:\/\/pinosos.es\/fr\/wp-json\/wp\/v2\/media\/37172"}],"wp:attachment":[{"href":"https:\/\/pinosos.es\/fr\/wp-json\/wp\/v2\/media?parent=36237"}],"wp:term":[{"taxonomy":"product_brand","embeddable":true,"href":"https:\/\/pinosos.es\/fr\/wp-json\/wp\/v2\/product_brand?post=36237"},{"taxonomy":"product_cat","embeddable":true,"href":"https:\/\/pinosos.es\/fr\/wp-json\/wp\/v2\/product_cat?post=36237"},{"taxonomy":"product_tag","embeddable":true,"href":"https:\/\/pinosos.es\/fr\/wp-json\/wp\/v2\/product_tag?post=36237"}],"curies":[{"name":"wp","href":"https:\/\/api.w.org\/{rel}","templated":true}]}}